{"id":4010,"date":"2023-04-27T23:19:02","date_gmt":"2023-04-27T21:19:02","guid":{"rendered":"https:\/\/peps-fitness.zetabox.tn\/?post_type=product&#038;p=4010"},"modified":"2023-06-12T21:19:21","modified_gmt":"2023-06-12T19:19:21","slug":"passion-seamless-shorts","status":"publish","type":"product","link":"https:\/\/peps-fitness.zetabox.tn\/en\/produit\/passion-seamless-shorts\/","title":{"rendered":"PASSION SEAMLESS SHORTS"},"content":{"rendered":"<p>PASSEZ \u00c0 L&#8217;ACTION<\/p>\n<p>Voici le short le plus flatteur et le plus performant. Attaquez votre prochaine s\u00e9ance d&#8217;entra\u00eenement en toute confiance avec notre short taille haute sans couture au lavage \u00e0 l&#8217;acide.<\/p>\n<p>Con\u00e7u dans notre tissu micro-c\u00f4te doux comme du beurre, \u00e0 la fois r\u00e9sistant \u00e0 la transpiration et aux squats, il \u00e9pouse et d\u00e9finit le corps. L&#8217;arri\u00e8re pr\u00e9sente des d\u00e9tails qui sculptent les fesses, tandis que la taille haute vous aidera \u00e0 vous sentir soutenue dans chacun de vos mouvements.<\/p>\n<p>Vous pouvez compter sur notre short Take Action \u00e0 taille haute pour vous assurer que votre prochaine s\u00e9ance d&#8217;entra\u00eenement se d\u00e9roulera sans distraction. Compl\u00e9tez votre look activewear avec notre soutien-gorge de sport Purpose.<\/p>\n<p>Caract\u00e9ristiques du tissu et technologie :<\/p>\n<p>Short multisport con\u00e7u pour toutes les s\u00e9ances d&#8217;entra\u00eenement<br \/>\nR\u00e9sistant \u00e0 la transpiration et au squat<br \/>\nMicro-c\u00f4tes sans couture, tissu lav\u00e9 \u00e0 l&#8217;acide<br \/>\nCoupe pr\u00e8s du corps<br \/>\nTaille haute, ceinture compressive<br \/>\nConception extensible \u00e0 enfiler.<br \/>\nPanneaux profil\u00e9s \u00e0 l&#8217;arri\u00e8re pour soulever les fessiers.<br \/>\nLogo r\u00e9fl\u00e9chissant thermocoll\u00e9 sur la jambe gauche et au centre de la ceinture arri\u00e8re.<br \/>\nLongueur moyenne, environ 35 cm de la ceinture \u00e0 l&#8217;ourlet<br \/>\n90% polyamide, 10% spandex<\/p>\n<p>Attention : ce produit est d\u00e9licat, il convient donc de le porter et de le laver avec pr\u00e9caution.<\/p>\n","protected":false},"excerpt":{"rendered":"<p>Short sans coutures d\u00e9lav\u00e9 \u00e0 l&#8217;acide Passion &#8211; Rose vif<br \/>\nComposition du mat\u00e9riau : 90 % polyamide 10 % \u00e9lasthanne<br \/>\nTaille et ajustement : Le style correspond \u00e0 la taille. Le mannequin mesure 175 cm et porte une taille M.<br \/>\nInstructions de lavage : Ne pas m\u00e9langer avec d&#8217;autres produits et couleurs. Ne pas utiliser de s\u00e8che-linge. Ne pas javelliser. Ne pas s\u00e9cher \u00e0 la lumi\u00e8re directe du soleil. Ne pas repasser. Lavage \u00e0 la main \u00e0 l&#8217;eau normale ou froide<\/p>\n","protected":false},"featured_media":4008,"comment_status":"open","ping_status":"closed","template":"","meta":[],"product_cat":[263],"product_tag":[],"class_list":["post-4010","product","type-product","status-publish","has-post-thumbnail","hentry","product_cat-shorts-femmes","pa_color-passion-bra-blue","pa_color-passion-bra-rose","pa_size-large","pa_size-medium","pa_size-small","pa_size-x-large","pa_size-xx-large"],"_links":{"self":[{"href":"https:\/\/peps-fitness.zetabox.tn\/en\/wp-json\/wp\/v2\/product\/4010","targetHints":{"allow":["GET"]}}],"collection":[{"href":"https:\/\/peps-fitness.zetabox.tn\/en\/wp-json\/wp\/v2\/product"}],"about":[{"href":"https:\/\/peps-fitness.zetabox.tn\/en\/wp-json\/wp\/v2\/types\/product"}],"replies":[{"embeddable":true,"href":"https:\/\/peps-fitness.zetabox.tn\/en\/wp-json\/wp\/v2\/comments?post=4010"}],"wp:featuredmedia":[{"embeddable":true,"href":"https:\/\/peps-fitness.zetabox.tn\/en\/wp-json\/wp\/v2\/media\/4008"}],"wp:attachment":[{"href":"https:\/\/peps-fitness.zetabox.tn\/en\/wp-json\/wp\/v2\/media?parent=4010"}],"wp:term":[{"taxonomy":"product_cat","embeddable":true,"href":"https:\/\/peps-fitness.zetabox.tn\/en\/wp-json\/wp\/v2\/product_cat?post=4010"},{"taxonomy":"product_tag","embeddable":true,"href":"https:\/\/peps-fitness.zetabox.tn\/en\/wp-json\/wp\/v2\/product_tag?post=4010"}],"curies":[{"name":"wp","href":"https:\/\/api.w.org\/{rel}","templated":true}]}}