{"id":4116,"date":"2023-05-15T17:22:07","date_gmt":"2023-05-15T15:22:07","guid":{"rendered":"https:\/\/peps-fitness.zetabox.tn\/?post_type=product&#038;p=4116"},"modified":"2023-05-18T13:10:52","modified_gmt":"2023-05-18T11:10:52","slug":"passion-seamless-crop-top","status":"publish","type":"product","link":"https:\/\/peps-fitness.zetabox.tn\/en\/produit\/passion-seamless-crop-top\/","title":{"rendered":"PASSION SEAMLESS CROP TOP"},"content":{"rendered":"<p><strong>HABILIT\u00c9<\/strong><\/p>\n<p>Am\u00e9liorez votre entra\u00eenement avec notre tout nouveau haut court \u00e0 manches courtes, un \u00e9l\u00e9ment essentiel pour para\u00eetre et vous sentir \u00e0 votre meilleur \u00e0 la salle de sport. Fabriqu\u00e9 \u00e0 partir d&#8217;un tissu micro c\u00f4tel\u00e9 super extensible, doux et sans coutures qui \u00e9vacue naturellement l&#8217;humidit\u00e9 lors de vos d\u00e9placements.<\/p>\n<p>Le haut est dot\u00e9 d&#8217;une encolure carr\u00e9e basse et d&#8217;une bande c\u00f4tel\u00e9e sous la poitrine pour faciliter les mouvements afin d&#8217;assurer un maintien et un ajustement s\u00fbr.<\/p>\n<p>Le haut court \u00e0 encolure carr\u00e9e se marie parfaitement avec nos shorts ou leggings de gym assortis pour que vous puissiez \u00eatre s\u00fbr d&#8217;embrasser votre parcours d&#8217;entra\u00eenement et de propulser votre prochaine performance.<\/p>\n<p><strong>Caract\u00e9ristiques et technologie du tissu\u00a0:<\/strong><\/p>\n<p>Micro-c\u00f4te sans couture, tissu d\u00e9lav\u00e9 \u00e0 l&#8217;acide<br \/>\nCoupe pr\u00e8s du corps<br \/>\nManches courtes<br \/>\nCol carr\u00e9<br \/>\nSous-bande c\u00f4tel\u00e9e s\u00e9curis\u00e9e<br \/>\nLongueur recadr\u00e9e<br \/>\nConception extensible \u00e0 enfiler<br \/>\nLogo r\u00e9flecteur, thermoscell\u00e9 sur le bras gauche et sur la ceinture avant centrale<br \/>\n90 % polyamide, 10 % \u00e9lasthanne<\/p>\n","protected":false},"excerpt":{"rendered":"<p>Haut court \u00e0 manches courtes sans couture Passion Acid Wash &#8211; Vivid Pink<br \/>\nComposition du mat\u00e9riau : 90 % polyamide 10 % \u00e9lasthanne<br \/>\nTaille et ajustement : Le style correspond \u00e0 la taille. Le mannequin mesure 175 cm et porte une taille M.<br \/>\nInstructions de lavage : Ne pas m\u00e9langer avec d&#8217;autres produits et couleurs. Ne pas utiliser de s\u00e8che-linge. Ne pas javelliser. Ne pas s\u00e9cher \u00e0 la lumi\u00e8re directe du soleil. Ne pas repasser. Lavage \u00e0 la main \u00e0 l&#8217;eau normale ou froide<br \/>\nPropri\u00e9t\u00e9 : Manche courte<\/p>\n","protected":false},"featured_media":4118,"comment_status":"open","ping_status":"closed","template":"","meta":[],"product_cat":[264],"product_tag":[],"class_list":["post-4116","product","type-product","status-publish","has-post-thumbnail","hentry","product_cat-crop-tops-femmes","pa_color-passion-bra-blue","pa_color-passion-bra-rose","pa_size-large","pa_size-medium","pa_size-small"],"_links":{"self":[{"href":"https:\/\/peps-fitness.zetabox.tn\/en\/wp-json\/wp\/v2\/product\/4116","targetHints":{"allow":["GET"]}}],"collection":[{"href":"https:\/\/peps-fitness.zetabox.tn\/en\/wp-json\/wp\/v2\/product"}],"about":[{"href":"https:\/\/peps-fitness.zetabox.tn\/en\/wp-json\/wp\/v2\/types\/product"}],"replies":[{"embeddable":true,"href":"https:\/\/peps-fitness.zetabox.tn\/en\/wp-json\/wp\/v2\/comments?post=4116"}],"wp:featuredmedia":[{"embeddable":true,"href":"https:\/\/peps-fitness.zetabox.tn\/en\/wp-json\/wp\/v2\/media\/4118"}],"wp:attachment":[{"href":"https:\/\/peps-fitness.zetabox.tn\/en\/wp-json\/wp\/v2\/media?parent=4116"}],"wp:term":[{"taxonomy":"product_cat","embeddable":true,"href":"https:\/\/peps-fitness.zetabox.tn\/en\/wp-json\/wp\/v2\/product_cat?post=4116"},{"taxonomy":"product_tag","embeddable":true,"href":"https:\/\/peps-fitness.zetabox.tn\/en\/wp-json\/wp\/v2\/product_tag?post=4116"}],"curies":[{"name":"wp","href":"https:\/\/api.w.org\/{rel}","templated":true}]}}