{"id":4125,"date":"2023-05-16T10:49:22","date_gmt":"2023-05-16T08:49:22","guid":{"rendered":"https:\/\/peps-fitness.zetabox.tn\/?post_type=product&#038;p=4125"},"modified":"2023-06-02T17:17:12","modified_gmt":"2023-06-02T15:17:12","slug":"limitless-mesh-tee","status":"publish","type":"product","link":"https:\/\/peps-fitness.zetabox.tn\/en\/produit\/limitless-mesh-tee\/","title":{"rendered":"LIMITLESS MESH TEE"},"content":{"rendered":"<p><strong>Commencez fort, finissez plus fort\u00a0!<\/strong><\/p>\n<p>Notre t-shirt Limitless Mesh est marqu\u00e9 comme un v\u00eatement d&#8217;ancrage pour tout athl\u00e8te qui cherche \u00e0 perfectionner ses comp\u00e9tences. Fabriqu\u00e9 \u00e0 partir d&#8217;un processus de pointe, Limitless Tee a toute la dynamique pour vous emmener au niveau que vous avez toujours souhait\u00e9.<\/p>\n<p>Le tissu \u00e0 s\u00e9chage rapide avec une coupe ajust\u00e9e vous gardera le contr\u00f4le pour dominer vos entra\u00eenements. Le tissu Limitless-Mesh \u00e0 l&#8217;arri\u00e8re pour une circulation d&#8217;air maximale vous gardera au frais et au sec du d\u00e9but \u00e0 la fin. \u00c9tirement absolu dans les quatre sens pour une meilleure mobilit\u00e9. Poss\u00e9dez-le maintenant pour prendre le commandement.<\/p>\n<p><strong>Caract\u00e9ristiques et technologie du tissu<\/strong><\/p>\n<p>Coupe ajust\u00e9e<br \/>\nBase en tissu l\u00e9ger<br \/>\nTissu en maille douce et a\u00e9r\u00e9e<br \/>\n\u00e9tirement dans les 4 sens<br \/>\nPanneau absorbant l&#8217;humidit\u00e9 pour r\u00e9sister \u00e0 la transpiration<br \/>\nPerformances ultra-douces Polyester<br \/>\nPanneau arri\u00e8re en maille pour plus de respirabilit\u00e9<br \/>\nS\u00e9chage rapide<br \/>\nCoupe athl\u00e9tique<br \/>\nLogo de la marque thermoscell\u00e9 au milieu de la poitrine et dans le dos<br \/>\n\u00c9tiquette de couleur : gondole violet\/gris<\/p>\n","protected":false},"excerpt":{"rendered":"<p>Composition du mat\u00e9riau : 81 % polyester et 19 % \u00e9lasthanne<br \/>\nTaille et coupe : Le mannequin mesure 183 cm et porte une taille M &#8211; Convient \u00e0 votre taille, prenez votre taille habituelle &#8211; Con\u00e7u pour une coupe ajust\u00e9e<br \/>\nInstructions de lavage : lavage \u00e0 la main \u00e0 l&#8217;eau normale ou froide.<\/p>\n","protected":false},"featured_media":4130,"comment_status":"open","ping_status":"closed","template":"","meta":[],"product_cat":[258],"product_tag":[],"class_list":["post-4125","product","type-product","status-publish","has-post-thumbnail","hentry","product_cat-hommes","pa_color-passion-bra-anthracite-gris","pa_color-passion-leg-bleu","pa_size-large","pa_size-medium","pa_size-small","pa_size-x-large"],"_links":{"self":[{"href":"https:\/\/peps-fitness.zetabox.tn\/en\/wp-json\/wp\/v2\/product\/4125","targetHints":{"allow":["GET"]}}],"collection":[{"href":"https:\/\/peps-fitness.zetabox.tn\/en\/wp-json\/wp\/v2\/product"}],"about":[{"href":"https:\/\/peps-fitness.zetabox.tn\/en\/wp-json\/wp\/v2\/types\/product"}],"replies":[{"embeddable":true,"href":"https:\/\/peps-fitness.zetabox.tn\/en\/wp-json\/wp\/v2\/comments?post=4125"}],"wp:featuredmedia":[{"embeddable":true,"href":"https:\/\/peps-fitness.zetabox.tn\/en\/wp-json\/wp\/v2\/media\/4130"}],"wp:attachment":[{"href":"https:\/\/peps-fitness.zetabox.tn\/en\/wp-json\/wp\/v2\/media?parent=4125"}],"wp:term":[{"taxonomy":"product_cat","embeddable":true,"href":"https:\/\/peps-fitness.zetabox.tn\/en\/wp-json\/wp\/v2\/product_cat?post=4125"},{"taxonomy":"product_tag","embeddable":true,"href":"https:\/\/peps-fitness.zetabox.tn\/en\/wp-json\/wp\/v2\/product_tag?post=4125"}],"curies":[{"name":"wp","href":"https:\/\/api.w.org\/{rel}","templated":true}]}}