{"id":4132,"date":"2023-05-16T11:17:30","date_gmt":"2023-05-16T09:17:30","guid":{"rendered":"https:\/\/peps-fitness.zetabox.tn\/?post_type=product&#038;p=4132"},"modified":"2023-05-18T11:36:01","modified_gmt":"2023-05-18T09:36:01","slug":"core-premium-fit-tee","status":"publish","type":"product","link":"https:\/\/peps-fitness.zetabox.tn\/en\/produit\/core-premium-fit-tee\/","title":{"rendered":"CORE PREMIUM FIT TEE"},"content":{"rendered":"<p><strong>Soyez incassable<\/strong><\/p>\n<p>Augmentez votre mobilit\u00e9 et votre intensit\u00e9 pendant les entra\u00eenements avec le t-shirt The Core Premium Fit. Le tissu a \u00e9t\u00e9 trait\u00e9 avec des propri\u00e9t\u00e9s antibact\u00e9riennes et anti-odeurs et est fabriqu\u00e9 avec un m\u00e9lange de qualit\u00e9 de coton, polyester et spandex. Le t-shirt durable est doux au toucher mais le tissu est extensible dans les 4 sens pour augmenter votre mobilit\u00e9.<\/p>\n<p>Il est coup\u00e9 pour une coupe ajust\u00e9e, pour compl\u00e9ter de mani\u00e8re optimale vos gains durement gagn\u00e9s. Le Core Tee est un v\u00eatement polyvalent, excelle dans le domaine de la performance et excelle dans le style de l&#8217;athleisure.<\/p>\n<p><strong>Caract\u00e9ristiques et technologie du tissu<\/strong><\/p>\n<p>Doux et a\u00e9rien.<br \/>\nTissu de performance ultra-doux<br \/>\nTissu premium PEPS Athleisure personnalis\u00e9<br \/>\n\u00c9tirement dans les 4 sens<br \/>\nPoint fin sans frottement<br \/>\nAjustement \u00e0 sec<br \/>\nTissu anti-humidit\u00e9<br \/>\nAthleisure<br \/>\nLogo de la marque thermoscell\u00e9 sur la poitrine et le dos \u00e0 gauche<br \/>\n\u00c9tiquette de couleur : Noir Onyx<\/p>\n","protected":false},"excerpt":{"rendered":"<p>Composition du mat\u00e9riau : 70 % coton \/ 22 % polyester \/ 8 % \u00e9lasthanne<br \/>\nTaille et ajustement : Le mannequin mesure 171 et porte une taille petite &#8211; Taille normalement, prenez votre taille habituelle &#8211; Con\u00e7u pour une coupe ajust\u00e9e<br \/>\nInstructions de lavage : Lavage \u00e0 la main \u00e0 l&#8217;eau normale ou froide<\/p>\n","protected":false},"featured_media":4133,"comment_status":"open","ping_status":"closed","template":"","meta":[],"product_cat":[258],"product_tag":[],"class_list":["post-4132","product","type-product","status-publish","has-post-thumbnail","hentry","product_cat-hommes","pa_color-passion-bra-anthracite-gris","pa_size-large","pa_size-medium","pa_size-small","pa_size-x-large"],"_links":{"self":[{"href":"https:\/\/peps-fitness.zetabox.tn\/en\/wp-json\/wp\/v2\/product\/4132","targetHints":{"allow":["GET"]}}],"collection":[{"href":"https:\/\/peps-fitness.zetabox.tn\/en\/wp-json\/wp\/v2\/product"}],"about":[{"href":"https:\/\/peps-fitness.zetabox.tn\/en\/wp-json\/wp\/v2\/types\/product"}],"replies":[{"embeddable":true,"href":"https:\/\/peps-fitness.zetabox.tn\/en\/wp-json\/wp\/v2\/comments?post=4132"}],"wp:featuredmedia":[{"embeddable":true,"href":"https:\/\/peps-fitness.zetabox.tn\/en\/wp-json\/wp\/v2\/media\/4133"}],"wp:attachment":[{"href":"https:\/\/peps-fitness.zetabox.tn\/en\/wp-json\/wp\/v2\/media?parent=4132"}],"wp:term":[{"taxonomy":"product_cat","embeddable":true,"href":"https:\/\/peps-fitness.zetabox.tn\/en\/wp-json\/wp\/v2\/product_cat?post=4132"},{"taxonomy":"product_tag","embeddable":true,"href":"https:\/\/peps-fitness.zetabox.tn\/en\/wp-json\/wp\/v2\/product_tag?post=4132"}],"curies":[{"name":"wp","href":"https:\/\/api.w.org\/{rel}","templated":true}]}}