{"id":4538,"date":"2023-06-05T10:57:57","date_gmt":"2023-06-05T08:57:57","guid":{"rendered":"https:\/\/peps-fitness.zetabox.tn\/?post_type=product&#038;p=4538"},"modified":"2023-06-05T10:58:34","modified_gmt":"2023-06-05T08:58:34","slug":"glow-seamless-sports-bra","status":"publish","type":"product","link":"https:\/\/peps-fitness.zetabox.tn\/en\/produit\/glow-seamless-sports-bra\/","title":{"rendered":"GLOW SEAMLESS SPORTS BRA"},"content":{"rendered":"<p><strong>GLOW GET &#8216;EM<\/strong><\/p>\n<p>Boostez vos performances avec la brassi\u00e8re de sport Energy Seamless. Le soutien-gorge de sport Glow Seamless offre un soutien personnalis\u00e9 dans la salle de gym avec un rembourrage amovible, tandis qu&#8217;une sous-bande c\u00f4tel\u00e9e assure qu&#8217;il reste en place pendant que vous bougez.<\/p>\n<p>\u00c9quip\u00e9 de contours d&#8217;\u0153illets sans couture, de d\u00e9tails fronc\u00e9s \u00e0 l&#8217;int\u00e9rieur de la poitrine et de structures internes en maille sous la poitrine pour la respirabilit\u00e9, votre confiance est assur\u00e9e dans Energy. Con\u00e7u pour les activit\u00e9s \u00e0 mouvement \u00e9lev\u00e9, ainsi que les loisirs<\/p>\n<p>Attention : ce produit est d\u00e9licat, veuillez donc faire attention lors du port et du lavage.<\/p>\n<p><strong>Caract\u00e9ristiques et technologie du tissu<\/strong><\/p>\n<p>Rembourrage amovible<br \/>\nConception de sangle fine pour offrir une personnalisation<br \/>\nD\u00e9tails am\u00e9liorant la forme<br \/>\nRembourrage amovible<br \/>\nLongueur raccourcie du ventre<br \/>\nLogo PEPS thermoscell\u00e9 au centre du dos sous la bande<br \/>\n90 % nylon, 10 % \u00e9lasthanne<\/p>\n","protected":false},"excerpt":{"rendered":"<p><strong>Composition du mat\u00e9riau : <\/strong>90 % nylon, 10 % \u00e9lasthanne<br \/>\n<strong>Taille et ajustement : <\/strong>Le style correspond \u00e0 la taille. Le mannequin mesure 170 cm et porte une petite taille.<br \/>\n<strong>Instructions de lavage : <\/strong>Ne pas m\u00e9langer avec d&#8217;autres produits et couleurs. Ne pas utiliser de s\u00e8che-linge. Ne pas javelliser. Ne pas s\u00e9cher \u00e0 la lumi\u00e8re directe du soleil. Ne pas repasser. Lavage \u00e0 la main \u00e0 l&#8217;eau normale ou froide. Utilisez un sac de lavage d\u00e9licat<\/p>\n","protected":false},"featured_media":4540,"comment_status":"open","ping_status":"closed","template":"","meta":[],"product_cat":[264],"product_tag":[],"class_list":["post-4538","product","type-product","status-publish","has-post-thumbnail","hentry","product_cat-crop-tops-femmes","pa_color-passion-bra-anthracite-gris","pa_color-passion-crop-t-anthracite-gris","pa_color-passion-leg-bleu","pa_size-large","pa_size-medium","pa_size-small"],"_links":{"self":[{"href":"https:\/\/peps-fitness.zetabox.tn\/en\/wp-json\/wp\/v2\/product\/4538","targetHints":{"allow":["GET"]}}],"collection":[{"href":"https:\/\/peps-fitness.zetabox.tn\/en\/wp-json\/wp\/v2\/product"}],"about":[{"href":"https:\/\/peps-fitness.zetabox.tn\/en\/wp-json\/wp\/v2\/types\/product"}],"replies":[{"embeddable":true,"href":"https:\/\/peps-fitness.zetabox.tn\/en\/wp-json\/wp\/v2\/comments?post=4538"}],"wp:featuredmedia":[{"embeddable":true,"href":"https:\/\/peps-fitness.zetabox.tn\/en\/wp-json\/wp\/v2\/media\/4540"}],"wp:attachment":[{"href":"https:\/\/peps-fitness.zetabox.tn\/en\/wp-json\/wp\/v2\/media?parent=4538"}],"wp:term":[{"taxonomy":"product_cat","embeddable":true,"href":"https:\/\/peps-fitness.zetabox.tn\/en\/wp-json\/wp\/v2\/product_cat?post=4538"},{"taxonomy":"product_tag","embeddable":true,"href":"https:\/\/peps-fitness.zetabox.tn\/en\/wp-json\/wp\/v2\/product_tag?post=4538"}],"curies":[{"name":"wp","href":"https:\/\/api.w.org\/{rel}","templated":true}]}}