{"id":4561,"date":"2023-06-05T13:00:43","date_gmt":"2023-06-05T11:00:43","guid":{"rendered":"https:\/\/peps-fitness.zetabox.tn\/?post_type=product&#038;p=4561"},"modified":"2023-06-05T13:00:43","modified_gmt":"2023-06-05T11:00:43","slug":"glow-seamless-leggings","status":"publish","type":"product","link":"https:\/\/peps-fitness.zetabox.tn\/en\/produit\/glow-seamless-leggings\/","title":{"rendered":"GLOW SEAMLESS LEGGINGS"},"content":{"rendered":"<p><strong>GLOW GET &#8216;EM<\/strong><\/p>\n<p>Boostez vos performances avec les leggings sans couture taille haute Glow. Enti\u00e8rement fonctionnels et enti\u00e8rement am\u00e9liorateurs, ces leggings de gym vous aident \u00e0 travers le cardio et les poids avec soutien et confiance.<\/p>\n<p>Attention : ce produit est d\u00e9licat, veuillez donc faire attention lors du port et du lavage.<\/p>\n<p><strong>Caract\u00e9ristiques et technologie du tissu<\/strong><\/p>\n<p>Coupe taille super haute, pour que vous vous sentiez en s\u00e9curit\u00e9<br \/>\nD\u00e9tail d&#8217;\u0153illets<br \/>\nCeinture c\u00f4tel\u00e9e<br \/>\nContour des fessiers avec des structures en maille<br \/>\nPanneau ventil\u00e9 sur les ischio-jambiers<br \/>\nFabrication anti-transpiration;Con\u00e7u pour les activit\u00e9s \u00e0 mouvement \u00e9lev\u00e9, ainsi que les loisirs<br \/>\nToute la longueur<br \/>\nMarque PEPS thermosoud\u00e9e sur la hanche gauche et logo sur la ceinture arri\u00e8re<br \/>\n90 % nylon, 10 % \u00e9lasthanne<\/p>\n","protected":false},"excerpt":{"rendered":"<p><strong>Composition du mat\u00e9riau : <\/strong>90 % nylon, 10 % \u00e9lasthanne<br \/>\n<strong>Taille et ajustement<\/strong> : Le style correspond \u00e0 la taille. Le mannequin mesure 167 cm et porte des leggings de petite taille<br \/>\n<strong>Instructions de lavage : <\/strong>Ne pas m\u00e9langer avec d&#8217;autres produits et couleurs. Ne pas utiliser de s\u00e8che-linge. Ne pas javelliser. Ne pas s\u00e9cher \u00e0 la lumi\u00e8re directe du soleil. Ne pas repasser. Lavage \u00e0 la main \u00e0 l&#8217;eau normale ou froide. Utilisez un sac de lavage d\u00e9licat.<\/p>\n","protected":false},"featured_media":4581,"comment_status":"open","ping_status":"closed","template":"","meta":[],"product_cat":[260],"product_tag":[],"class_list":["post-4561","product","type-product","status-publish","has-post-thumbnail","hentry","product_cat-leggings-femmes","pa_color-passion-bra-anthracite-gris","pa_color-passion-leg-bleu","pa_size-large","pa_size-medium","pa_size-small"],"_links":{"self":[{"href":"https:\/\/peps-fitness.zetabox.tn\/en\/wp-json\/wp\/v2\/product\/4561","targetHints":{"allow":["GET"]}}],"collection":[{"href":"https:\/\/peps-fitness.zetabox.tn\/en\/wp-json\/wp\/v2\/product"}],"about":[{"href":"https:\/\/peps-fitness.zetabox.tn\/en\/wp-json\/wp\/v2\/types\/product"}],"replies":[{"embeddable":true,"href":"https:\/\/peps-fitness.zetabox.tn\/en\/wp-json\/wp\/v2\/comments?post=4561"}],"wp:featuredmedia":[{"embeddable":true,"href":"https:\/\/peps-fitness.zetabox.tn\/en\/wp-json\/wp\/v2\/media\/4581"}],"wp:attachment":[{"href":"https:\/\/peps-fitness.zetabox.tn\/en\/wp-json\/wp\/v2\/media?parent=4561"}],"wp:term":[{"taxonomy":"product_cat","embeddable":true,"href":"https:\/\/peps-fitness.zetabox.tn\/en\/wp-json\/wp\/v2\/product_cat?post=4561"},{"taxonomy":"product_tag","embeddable":true,"href":"https:\/\/peps-fitness.zetabox.tn\/en\/wp-json\/wp\/v2\/product_tag?post=4561"}],"curies":[{"name":"wp","href":"https:\/\/api.w.org\/{rel}","templated":true}]}}