{"id":4583,"date":"2023-06-05T14:38:36","date_gmt":"2023-06-05T12:38:36","guid":{"rendered":"https:\/\/peps-fitness.zetabox.tn\/?post_type=product&#038;p=4583"},"modified":"2023-06-05T14:38:37","modified_gmt":"2023-06-05T12:38:37","slug":"energy-seamless-leggings","status":"publish","type":"product","link":"https:\/\/peps-fitness.zetabox.tn\/en\/produit\/energy-seamless-leggings\/","title":{"rendered":"ENERGY+ SEAMLESS LEGGINGS"},"content":{"rendered":"<p><strong>AJOUTEZ JUSTE DE L&#8217;\u00c9NERGIE<\/strong><\/p>\n<p>Il n&#8217;y a pas moyen d&#8217;arr\u00eater votre \u00e9clat dans les collants Glow Seamless. Une ceinture c\u00f4tel\u00e9e de soutien et un mat\u00e9riau anti-transpiration vous offrent le confort dont vous avez besoin pour rester \u00e9clatant. Ceci, associ\u00e9 \u00e0 des d\u00e9tails d&#8217;\u0153illets et \u00e0 un tissu \u00e0 effet brillant, fait passer votre look d&#8217;entra\u00eenement au niveau sup\u00e9rieur. La lueur est r\u00e9elle !<\/p>\n<p>Remarque : il s&#8217;agit d&#8217;un v\u00eatement d\u00e9licat en raison des d\u00e9tails d&#8217;\u0153illets, alors soyez un peu plus prudent lorsque vous le portez et le lavez.<\/p>\n<p><strong>Caract\u00e9ristiques et technologie du tissu<\/strong><\/p>\n<p>Coupe taille haute<br \/>\nD\u00e9tail d&#8217;\u0153illets<br \/>\nCeinture c\u00f4tel\u00e9e de soutien<br \/>\nD\u00e9tail du contour du noyau \u00e0 la taille<br \/>\nTissu anti-transpiration<br \/>\nLogo thermoscell\u00e9 sur la hanche avant gauche<br \/>\n92 % nylon, 8 % \u00e9lasthanne<\/p>\n","protected":false},"excerpt":{"rendered":"<p><strong>Composition du mat\u00e9riau : <\/strong>90 % nylon, 10 % \u00e9lasthanne<br \/>\n<strong>Taille et ajustement : <\/strong>Le style correspond \u00e0 la taille. Le mannequin mesure 170 cm et porte une taille M.<br \/>\n<strong>Instructions de lavage : <\/strong>Ne pas m\u00e9langer avec d&#8217;autres produits et couleurs. Ne pas utiliser de s\u00e8che-linge. Ne pas javelliser. Ne pas s\u00e9cher \u00e0 la lumi\u00e8re directe du soleil. Ne pas repasser. Lavage \u00e0 la main \u00e0 l&#8217;eau normale ou froide. Utilisez un sac de lavage d\u00e9licat.<\/p>\n","protected":false},"featured_media":4593,"comment_status":"open","ping_status":"closed","template":"","meta":[],"product_cat":[260],"product_tag":[],"class_list":["post-4583","product","type-product","status-publish","has-post-thumbnail","hentry","product_cat-leggings-femmes","pa_color-passion-crop-t-anthracite-gris","pa_color-passion-crop-t-bleu","pa_color-passion-leg-bleu","pa_color-red","pa_size-large","pa_size-medium","pa_size-small"],"_links":{"self":[{"href":"https:\/\/peps-fitness.zetabox.tn\/en\/wp-json\/wp\/v2\/product\/4583","targetHints":{"allow":["GET"]}}],"collection":[{"href":"https:\/\/peps-fitness.zetabox.tn\/en\/wp-json\/wp\/v2\/product"}],"about":[{"href":"https:\/\/peps-fitness.zetabox.tn\/en\/wp-json\/wp\/v2\/types\/product"}],"replies":[{"embeddable":true,"href":"https:\/\/peps-fitness.zetabox.tn\/en\/wp-json\/wp\/v2\/comments?post=4583"}],"wp:featuredmedia":[{"embeddable":true,"href":"https:\/\/peps-fitness.zetabox.tn\/en\/wp-json\/wp\/v2\/media\/4593"}],"wp:attachment":[{"href":"https:\/\/peps-fitness.zetabox.tn\/en\/wp-json\/wp\/v2\/media?parent=4583"}],"wp:term":[{"taxonomy":"product_cat","embeddable":true,"href":"https:\/\/peps-fitness.zetabox.tn\/en\/wp-json\/wp\/v2\/product_cat?post=4583"},{"taxonomy":"product_tag","embeddable":true,"href":"https:\/\/peps-fitness.zetabox.tn\/en\/wp-json\/wp\/v2\/product_tag?post=4583"}],"curies":[{"name":"wp","href":"https:\/\/api.w.org\/{rel}","templated":true}]}}