{"id":4634,"date":"2023-06-05T16:23:42","date_gmt":"2023-06-05T14:23:42","guid":{"rendered":"https:\/\/peps-fitness.zetabox.tn\/?post_type=product&#038;p=4634"},"modified":"2023-06-05T16:23:42","modified_gmt":"2023-06-05T14:23:42","slug":"impact-seamless-long-sleeve-crop-top","status":"publish","type":"product","link":"https:\/\/peps-fitness.zetabox.tn\/en\/produit\/impact-seamless-long-sleeve-crop-top\/","title":{"rendered":"IMPACT SEAMLESS LONG SLEEVE CROP TOP"},"content":{"rendered":"<p><strong>Changez le jeu. Faites un impact.<\/strong><\/p>\n<p>Continue d&#8217;avancer! \u00c9tirez-vous dans n&#8217;importe quel entra\u00eenement avec un haut court \u00e0 manches longues fabriqu\u00e9 avec un tissu anti-transpiration sans couture qui vous permet de bouger pendant l&#8217;entra\u00eenement le plus difficile. Les d\u00e9tails en maille flatteuse sur le devant et la d\u00e9coupe \u00e0 l&#8217;arri\u00e8re avec le logo vous offrent des moments de gym majeurs !<\/p>\n<p>L&#8217;Impact Cropped Long Sleeve est une pi\u00e8ce unique fabriqu\u00e9e avec 3 panneaux tiss\u00e9s sans couture pour assurer un ajustement parfait et un maximum de confort. cet article est id\u00e9al pour les temp\u00e9ratures plus fra\u00eeches pendant les s\u00e9ances de musculation ou pour garder la brise pendant un entra\u00eenement en plein air. Fini avec des trous pour les pouces fonctionnels pour emp\u00eacher tout courant d&#8217;air et des textures c\u00f4tel\u00e9es subtiles le long de la colonne vert\u00e9brale.<\/p>\n<p><strong>Caract\u00e9ristiques et technologie du tissu<\/strong><\/p>\n<p>Coupe courte \u00e0 manches longues<br \/>\nLatex dans la ceinture pour r\u00e9duire le chevauchement<br \/>\nTrous pour les pouces<br \/>\nOuverture subtile au dos<br \/>\nTissu l\u00e9ger et respirant pour des performances \u00e9lev\u00e9es<br \/>\nMat\u00e9riau extensible dans les quatre sens pour plus de flexibilit\u00e9<br \/>\n\u00c9vacuation de l&#8217;humidit\u00e9, s\u00e9chage rapide<br \/>\n300 GSM<br \/>\nLogo en caoutchouc sur la bande centrale du dos<br \/>\n69 % nylon, 17 % polyester, 14 % \u00e9lasthanne<\/p>\n","protected":false},"excerpt":{"rendered":"<p><strong>Composition du mat\u00e9riau : <\/strong>90 % nylon, 10 % \u00e9lasthanne<br \/>\n<strong>Taille et ajustement : <\/strong>Le style correspond \u00e0 la taille. Le mannequin mesure 175 cm et porte une taille M.<br \/>\n<strong>Instructions de lavage : <\/strong>Ne pas m\u00e9langer avec d&#8217;autres produits et couleurs. Ne pas utiliser de s\u00e8che-linge. Ne pas javelliser. Ne pas s\u00e9cher \u00e0 la lumi\u00e8re directe du soleil. Ne pas repasser. Lavage \u00e0 la main \u00e0 l&#8217;eau normale ou froide. Utilisez un sac de lavage d\u00e9licat.<\/p>\n","protected":false},"featured_media":4636,"comment_status":"open","ping_status":"closed","template":"","meta":[],"product_cat":[264],"product_tag":[],"class_list":["post-4634","product","type-product","status-publish","has-post-thumbnail","hentry","product_cat-crop-tops-femmes","pa_color-passion-crop-t-anthracite-gris","pa_color-passion-crop-t-rose","pa_color-renew-short-vert","pa_size-large","pa_size-medium","pa_size-small","pa_size-x-large"],"_links":{"self":[{"href":"https:\/\/peps-fitness.zetabox.tn\/en\/wp-json\/wp\/v2\/product\/4634","targetHints":{"allow":["GET"]}}],"collection":[{"href":"https:\/\/peps-fitness.zetabox.tn\/en\/wp-json\/wp\/v2\/product"}],"about":[{"href":"https:\/\/peps-fitness.zetabox.tn\/en\/wp-json\/wp\/v2\/types\/product"}],"replies":[{"embeddable":true,"href":"https:\/\/peps-fitness.zetabox.tn\/en\/wp-json\/wp\/v2\/comments?post=4634"}],"wp:featuredmedia":[{"embeddable":true,"href":"https:\/\/peps-fitness.zetabox.tn\/en\/wp-json\/wp\/v2\/media\/4636"}],"wp:attachment":[{"href":"https:\/\/peps-fitness.zetabox.tn\/en\/wp-json\/wp\/v2\/media?parent=4634"}],"wp:term":[{"taxonomy":"product_cat","embeddable":true,"href":"https:\/\/peps-fitness.zetabox.tn\/en\/wp-json\/wp\/v2\/product_cat?post=4634"},{"taxonomy":"product_tag","embeddable":true,"href":"https:\/\/peps-fitness.zetabox.tn\/en\/wp-json\/wp\/v2\/product_tag?post=4634"}],"curies":[{"name":"wp","href":"https:\/\/api.w.org\/{rel}","templated":true}]}}