{"id":4655,"date":"2023-06-05T17:31:49","date_gmt":"2023-06-05T15:31:49","guid":{"rendered":"https:\/\/peps-fitness.zetabox.tn\/?post_type=product&#038;p=4655"},"modified":"2023-06-05T17:31:49","modified_gmt":"2023-06-05T15:31:49","slug":"impact-seamless-sports-bra","status":"publish","type":"product","link":"https:\/\/peps-fitness.zetabox.tn\/en\/produit\/impact-seamless-sports-bra\/","title":{"rendered":"IMPACT SEAMLESS SPORTS BRA"},"content":{"rendered":"<p><strong>Changez le jeu. Faites un impact.<\/strong><\/p>\n<p>Lancez votre chemin vers une vie saine! Dot\u00e9 d&#8217;un col rond flatteur avec un design de soutien entrecrois\u00e9 pour vous offrir confort et polyvalence. C&#8217;est un incontournable de l&#8217;entra\u00eenement avec une finition beurr\u00e9e et sans couture qui vous donne l&#8217;impression que vous pouvez courir pour toujours ! Technologie anti-transpiration qui ne vous laissera pas vous arr\u00eater m\u00eame si vous transpirez des balles.<\/p>\n<p>Construit \u00e0 partir d&#8217;une technologie sans couture qui \u00e9vacue l&#8217;humidit\u00e9, le soutien-gorge de sport Impact offre \u00e0 la fois confort et soutien pour vous permettre de bouger en toute confiance.<\/p>\n<p>Notre design de contour signature compl\u00e8te le look, avec des nuances complexes qui mettent en valeur tous vos meilleurs atouts !<\/p>\n<p><strong>Caract\u00e9ristiques et technologie du tissu<\/strong><\/p>\n<p>Rembourrage amovible<br \/>\nBretelles r\u00e9glables pour l&#8217;ajustement souhait\u00e9<br \/>\nConception \u00e0 dos ouvert pour favoriser la ventilation<br \/>\nConception de texture nervur\u00e9e contournante<br \/>\nTechnologie tiss\u00e9e sans couture<br \/>\nMat\u00e9riau extensible dans les quatre sens pour plus de flexibilit\u00e9<br \/>\n\u00c9vacuation l\u00e9g\u00e8re de l&#8217;humidit\u00e9, capacit\u00e9 de s\u00e9chage rapide<br \/>\nLogo en caoutchouc<br \/>\n69 % nylon, 17 % polyester, 14 % \u00e9lasthanne<\/p>\n","protected":false},"excerpt":{"rendered":"<p><strong>Composition du mat\u00e9riau : <\/strong>90 % nylon, 10 % \u00e9lasthanne<br \/>\n<strong>Taille et ajutement : <\/strong>Le style correspond \u00e0 la taille. Le mannequin mesure 170 cm et porte une petite taille.<br \/>\n<strong>Instructions de lavage : <\/strong>Ne pas m\u00e9langer avec d&#8217;autres produits et couleurs. Ne pas utiliser de s\u00e8che-linge. Ne pas javelliser. Ne pas s\u00e9cher \u00e0 la lumi\u00e8re directe du soleil. Ne pas repasser. Lavage \u00e0 la main \u00e0 l&#8217;eau normale ou froide. Utilisez un sac de lavage d\u00e9licat.<\/p>\n","protected":false},"featured_media":4665,"comment_status":"open","ping_status":"closed","template":"","meta":[],"product_cat":[264],"product_tag":[],"class_list":["post-4655","product","type-product","status-publish","has-post-thumbnail","hentry","product_cat-crop-tops-femmes","pa_color-passion-crop-t-anthracite-gris","pa_color-passion-crop-t-rose","pa_color-renew-short-vert","pa_size-large","pa_size-medium","pa_size-small"],"_links":{"self":[{"href":"https:\/\/peps-fitness.zetabox.tn\/en\/wp-json\/wp\/v2\/product\/4655","targetHints":{"allow":["GET"]}}],"collection":[{"href":"https:\/\/peps-fitness.zetabox.tn\/en\/wp-json\/wp\/v2\/product"}],"about":[{"href":"https:\/\/peps-fitness.zetabox.tn\/en\/wp-json\/wp\/v2\/types\/product"}],"replies":[{"embeddable":true,"href":"https:\/\/peps-fitness.zetabox.tn\/en\/wp-json\/wp\/v2\/comments?post=4655"}],"wp:featuredmedia":[{"embeddable":true,"href":"https:\/\/peps-fitness.zetabox.tn\/en\/wp-json\/wp\/v2\/media\/4665"}],"wp:attachment":[{"href":"https:\/\/peps-fitness.zetabox.tn\/en\/wp-json\/wp\/v2\/media?parent=4655"}],"wp:term":[{"taxonomy":"product_cat","embeddable":true,"href":"https:\/\/peps-fitness.zetabox.tn\/en\/wp-json\/wp\/v2\/product_cat?post=4655"},{"taxonomy":"product_tag","embeddable":true,"href":"https:\/\/peps-fitness.zetabox.tn\/en\/wp-json\/wp\/v2\/product_tag?post=4655"}],"curies":[{"name":"wp","href":"https:\/\/api.w.org\/{rel}","templated":true}]}}