{"id":4668,"date":"2023-06-06T10:20:46","date_gmt":"2023-06-06T08:20:46","guid":{"rendered":"https:\/\/peps-fitness.zetabox.tn\/?post_type=product&#038;p=4668"},"modified":"2023-06-06T10:20:46","modified_gmt":"2023-06-06T08:20:46","slug":"impact-seamless-biker-shorts","status":"publish","type":"product","link":"https:\/\/peps-fitness.zetabox.tn\/en\/produit\/impact-seamless-biker-shorts\/","title":{"rendered":"IMPACT SEAMLESS BIKER SHORTS"},"content":{"rendered":"<p><strong>Changez le jeu. Faites un impact.<\/strong><\/p>\n<p>Entra\u00eenez-vous intens\u00e9ment dans ce short de cyclisme ultra-doux. Con\u00e7u pour vous donner un facteur de punch avec sa coupe sans couture et sa forme am\u00e9lior\u00e9e. Passez directement au mode entra\u00eenement avec ce short cycliste taille haute, respirant et anti-transpiration pour compl\u00e9ter votre s\u00e9ance de musculation. Une longueur flatteuse ajoute un point bonus \u00e0 votre tenue de sport.<\/p>\n<p><strong>Caract\u00e9ristiques et technologie du tissu<\/strong><\/p>\n<p>Taille tr\u00e8s haute<br \/>\nCeinture compressive<br \/>\nTissu microfibre sans couture<br \/>\nS\u00e9chage rapide et respirant<br \/>\n\u00c9tirement et flexibilit\u00e9 \u00e9lev\u00e9s<br \/>\nContouring sous les textures des fesses<br \/>\n300 GSM<br \/>\nR\u00e9sistant aux squats \u2714<br \/>\nLogo en caoutchouc sur la hanche gauche et PEPS au centre de la ceinture arri\u00e8re<br \/>\n69 % nylon, 17 % polyester, 14 % \u00e9lasthanne<\/p>\n","protected":false},"excerpt":{"rendered":"<p><strong>Composition du mat\u00e9riau : <\/strong>90 % nylon, 10 % \u00e9lasthanne<br \/>\n<strong>Taille et ajustement : <\/strong>Le style correspond \u00e0 la taille. Le mannequin mesure 170 cm et porte une taille M.<br \/>\n<strong>Instructions de lavage : <\/strong>Ne pas m\u00e9langer avec d&#8217;autres produits et couleurs. Ne pas utiliser de s\u00e8che-linge. Ne pas javelliser. Ne pas s\u00e9cher \u00e0 la lumi\u00e8re directe du soleil. Ne pas repasser. Lavage \u00e0 la main \u00e0 l&#8217;eau normale ou froide. Utilisez un sac de lavage d\u00e9licat.<\/p>\n","protected":false},"featured_media":4682,"comment_status":"open","ping_status":"closed","template":"","meta":[],"product_cat":[263],"product_tag":[],"class_list":["post-4668","product","type-product","status-publish","has-post-thumbnail","hentry","product_cat-shorts-femmes","pa_color-passion-crop-t-anthracite-gris","pa_color-passion-crop-t-rose","pa_color-renew-short-vert","pa_size-large","pa_size-medium","pa_size-small"],"_links":{"self":[{"href":"https:\/\/peps-fitness.zetabox.tn\/en\/wp-json\/wp\/v2\/product\/4668","targetHints":{"allow":["GET"]}}],"collection":[{"href":"https:\/\/peps-fitness.zetabox.tn\/en\/wp-json\/wp\/v2\/product"}],"about":[{"href":"https:\/\/peps-fitness.zetabox.tn\/en\/wp-json\/wp\/v2\/types\/product"}],"replies":[{"embeddable":true,"href":"https:\/\/peps-fitness.zetabox.tn\/en\/wp-json\/wp\/v2\/comments?post=4668"}],"wp:featuredmedia":[{"embeddable":true,"href":"https:\/\/peps-fitness.zetabox.tn\/en\/wp-json\/wp\/v2\/media\/4682"}],"wp:attachment":[{"href":"https:\/\/peps-fitness.zetabox.tn\/en\/wp-json\/wp\/v2\/media?parent=4668"}],"wp:term":[{"taxonomy":"product_cat","embeddable":true,"href":"https:\/\/peps-fitness.zetabox.tn\/en\/wp-json\/wp\/v2\/product_cat?post=4668"},{"taxonomy":"product_tag","embeddable":true,"href":"https:\/\/peps-fitness.zetabox.tn\/en\/wp-json\/wp\/v2\/product_tag?post=4668"}],"curies":[{"name":"wp","href":"https:\/\/api.w.org\/{rel}","templated":true}]}}