{"id":4690,"date":"2023-06-06T15:02:55","date_gmt":"2023-06-06T13:02:55","guid":{"rendered":"https:\/\/peps-fitness.zetabox.tn\/?post_type=product&#038;p=4690"},"modified":"2023-06-06T15:03:13","modified_gmt":"2023-06-06T13:03:13","slug":"impact-seamless-leggings","status":"publish","type":"product","link":"https:\/\/peps-fitness.zetabox.tn\/en\/produit\/impact-seamless-leggings\/","title":{"rendered":"IMPACT SEAMLESS LEGGINGS"},"content":{"rendered":"<p><strong>Changez le jeu. Faites un impact.<\/strong><\/p>\n<p>Les leggings Impact Seamless ont \u00e9t\u00e9 sp\u00e9cialement con\u00e7us pour les mouvements intenses.<\/p>\n<p>Super l\u00e9ger et respirant, le tissu sans couture avanc\u00e9 \u00e9vacue la transpiration et vous garde au frais et au sec pendant tout entra\u00eenement.<\/p>\n<p>Dot\u00e9s d&#8217;une texture c\u00f4tel\u00e9e profil\u00e9e et d&#8217;une ceinture de compression ajust\u00e9e, les leggings sans couture Impact vous \u00e9pousent et vous soutiennent \u00e0 tous les bons rythmes, vous laissant libre de bouger en toute confiance. Notre design de contour signature compl\u00e8te le look, avec des nuances complexes qui mettent en valeur tous vos meilleurs atouts !<\/p>\n<p>Associez-le \u00e0 la culture Impact Seamless assortie pour vous entra\u00eener dans le plus pur style PEPS Athleisure !<\/p>\n<p><strong>Caract\u00e9ristiques et technologie du tissu<\/strong><\/p>\n<p>Ceinture haute compressive<br \/>\nConception de texture nervur\u00e9e contournante<br \/>\nTissu l\u00e9ger et respirant<br \/>\nTechnologie tiss\u00e9e sans couture<br \/>\n\u00e9vacuation de l&#8217;humidit\u00e9, capacit\u00e9 de s\u00e9chage rapide<br \/>\n300 GSM<br \/>\nMat\u00e9riau extensible dans les quatre sens pour plus de flexibilit\u00e9<br \/>\nR\u00e9sistant aux squats \u2714<br \/>\nLogos en caoutchouc sur la hanche et la cheville<br \/>\n69 % nylon, 17 % polyester, 14 % \u00e9lasthanne<\/p>\n","protected":false},"excerpt":{"rendered":"<p><strong>Composition du mat\u00e9riau : <\/strong>90 % nylon, 10 % \u00e9lasthanne<br \/>\n<strong>Taille et ajustement : <\/strong>Le style correspond \u00e0 la taille. Le mannequin mesure 170 cm et porte une petite taille.<br \/>\n<strong>Instructions de lavage : <\/strong>Ne pas m\u00e9langer avec d&#8217;autres produits et couleurs. Ne pas utiliser de s\u00e8che-linge. Ne pas javelliser. Ne pas s\u00e9cher \u00e0 la lumi\u00e8re directe du soleil. Ne pas repasser. Lavage \u00e0 la main \u00e0 l&#8217;eau normale ou froide. Utilisez un sac de lavage d\u00e9licat<\/p>\n","protected":false},"featured_media":4697,"comment_status":"open","ping_status":"closed","template":"","meta":[],"product_cat":[260],"product_tag":[],"class_list":["post-4690","product","type-product","status-publish","has-post-thumbnail","hentry","product_cat-leggings-femmes","pa_color-passion-crop-t-rose","pa_color-renew-short-vert","pa_size-large","pa_size-medium","pa_size-small"],"_links":{"self":[{"href":"https:\/\/peps-fitness.zetabox.tn\/en\/wp-json\/wp\/v2\/product\/4690","targetHints":{"allow":["GET"]}}],"collection":[{"href":"https:\/\/peps-fitness.zetabox.tn\/en\/wp-json\/wp\/v2\/product"}],"about":[{"href":"https:\/\/peps-fitness.zetabox.tn\/en\/wp-json\/wp\/v2\/types\/product"}],"replies":[{"embeddable":true,"href":"https:\/\/peps-fitness.zetabox.tn\/en\/wp-json\/wp\/v2\/comments?post=4690"}],"wp:featuredmedia":[{"embeddable":true,"href":"https:\/\/peps-fitness.zetabox.tn\/en\/wp-json\/wp\/v2\/media\/4697"}],"wp:attachment":[{"href":"https:\/\/peps-fitness.zetabox.tn\/en\/wp-json\/wp\/v2\/media?parent=4690"}],"wp:term":[{"taxonomy":"product_cat","embeddable":true,"href":"https:\/\/peps-fitness.zetabox.tn\/en\/wp-json\/wp\/v2\/product_cat?post=4690"},{"taxonomy":"product_tag","embeddable":true,"href":"https:\/\/peps-fitness.zetabox.tn\/en\/wp-json\/wp\/v2\/product_tag?post=4690"}],"curies":[{"name":"wp","href":"https:\/\/api.w.org\/{rel}","templated":true}]}}