{"id":4700,"date":"2023-06-06T15:23:48","date_gmt":"2023-06-06T13:23:48","guid":{"rendered":"https:\/\/peps-fitness.zetabox.tn\/?post_type=product&#038;p=4700"},"modified":"2023-06-06T15:23:48","modified_gmt":"2023-06-06T13:23:48","slug":"arise-acid-wash-seamless-long-sleeve-crop-top","status":"publish","type":"product","link":"https:\/\/peps-fitness.zetabox.tn\/en\/produit\/arise-acid-wash-seamless-long-sleeve-crop-top\/","title":{"rendered":"ARISE ACID WASH SEAMLESS LONG SLEEVE CROP TOP"},"content":{"rendered":"<p><strong>Entra\u00eenement test\u00e9, concepteur approuv\u00e9 !<\/strong><\/p>\n<p>Quand Seamless et Scrunch se rencontrent. Ceux que vous attendiez&#8230; La s\u00e9rie Arise Scrunch int\u00e8gre des d\u00e9tails esth\u00e9tiques pour maximiser vos performances et votre style.<\/p>\n<p>Nos collections sans couture pr\u00e9f\u00e9r\u00e9es sont de retour dans un tout nouveau design d\u00e9lav\u00e9 \u00e0 l&#8217;acide. Con\u00e7u pour propulser vos performances, nous l&#8217;associons aux leggings scrunch d\u00e9lav\u00e9s \u00e0 l&#8217;acide assortis pour un look de gym dans lequel vous vous sentirez totalement incroyable.<\/p>\n<p><strong>Caract\u00e9ristiques et technologie du tissu<\/strong><\/p>\n<p>Longueur recadr\u00e9e<br \/>\nEncolure ras du cou pour un charme classique<br \/>\nDesign \u00e0 enfiler sans fermoirs ni crochets<br \/>\nFermeture \u00e0 cordon<br \/>\nConception de trous pour les pouces<br \/>\nConception sans couture de lavage \u00e0 l&#8217;acide<br \/>\nTechnologie d&#8217;\u00e9vacuation de l&#8217;humidit\u00e9 s\u00e8che<br \/>\nPreuve de squat<br \/>\n\u00c9tirement dans les 4 sens pour un mouvement libre<br \/>\nLogos en caoutchouc thermoscell\u00e9s sur le devant sous la poitrine<\/p>\n","protected":false},"excerpt":{"rendered":"<p><strong>Composition du mat\u00e9riau : <\/strong>90 % nylon, 10 % \u00e9lasthanne<br \/>\n<strong>Taille et ajustement : <\/strong>Le style correspond \u00e0 la taille. Le mannequin mesure 170 cm et porte une petite taille.<br \/>\n<strong>Instructions de lavage :\u00a0 <\/strong>Ne pas m\u00e9langer avec d&#8217;autres produits et couleurs. Ne pas utiliser de s\u00e8che-linge. Ne pas javelliser. Ne pas s\u00e9cher \u00e0 la lumi\u00e8re directe du soleil. Ne pas repasser. Lavage \u00e0 la main \u00e0 l&#8217;eau normale ou froide. Utilisez un sac de lavage d\u00e9licat.<\/p>\n","protected":false},"featured_media":4710,"comment_status":"open","ping_status":"closed","template":"","meta":[],"product_cat":[264],"product_tag":[],"class_list":["post-4700","product","type-product","status-publish","has-post-thumbnail","hentry","product_cat-crop-tops-femmes","pa_color-passion-bra-blue","pa_color-passion-leg-rose","pa_color-red","pa_size-large","pa_size-medium","pa_size-small"],"_links":{"self":[{"href":"https:\/\/peps-fitness.zetabox.tn\/en\/wp-json\/wp\/v2\/product\/4700","targetHints":{"allow":["GET"]}}],"collection":[{"href":"https:\/\/peps-fitness.zetabox.tn\/en\/wp-json\/wp\/v2\/product"}],"about":[{"href":"https:\/\/peps-fitness.zetabox.tn\/en\/wp-json\/wp\/v2\/types\/product"}],"replies":[{"embeddable":true,"href":"https:\/\/peps-fitness.zetabox.tn\/en\/wp-json\/wp\/v2\/comments?post=4700"}],"wp:featuredmedia":[{"embeddable":true,"href":"https:\/\/peps-fitness.zetabox.tn\/en\/wp-json\/wp\/v2\/media\/4710"}],"wp:attachment":[{"href":"https:\/\/peps-fitness.zetabox.tn\/en\/wp-json\/wp\/v2\/media?parent=4700"}],"wp:term":[{"taxonomy":"product_cat","embeddable":true,"href":"https:\/\/peps-fitness.zetabox.tn\/en\/wp-json\/wp\/v2\/product_cat?post=4700"},{"taxonomy":"product_tag","embeddable":true,"href":"https:\/\/peps-fitness.zetabox.tn\/en\/wp-json\/wp\/v2\/product_tag?post=4700"}],"curies":[{"name":"wp","href":"https:\/\/api.w.org\/{rel}","templated":true}]}}