{"id":4716,"date":"2023-06-06T16:57:02","date_gmt":"2023-06-06T14:57:02","guid":{"rendered":"https:\/\/peps-fitness.zetabox.tn\/?post_type=product&#038;p=4716"},"modified":"2023-06-06T17:49:48","modified_gmt":"2023-06-06T15:49:48","slug":"reflex-acid-wash-seamless-leggings","status":"publish","type":"product","link":"https:\/\/peps-fitness.zetabox.tn\/en\/produit\/reflex-acid-wash-seamless-leggings\/","title":{"rendered":"REFLEX ACID WASH SEAMLESS LEGGINGS"},"content":{"rendered":"<p>Nos leggings sans couture pr\u00e9f\u00e9r\u00e9s sont de retour dans un tout nouveau design d\u00e9lav\u00e9 \u00e0 l&#8217;acide. Coup\u00e9 \u00e0 une taille haute pr\u00e8s du corps avec une ceinture c\u00f4tel\u00e9e s\u00e9curis\u00e9e, l&#8217;ombrage des contours am\u00e9liore votre silhouette pour une coupe flatteuse ultime.<\/p>\n<p>Con\u00e7us pour propulser vos performances, nous jumelons ces leggings avec le soutien-gorge de sport d\u00e9lav\u00e9 \u00e0 l&#8217;acide assorti pour un look de gym dans lequel vous vous sentirez totalement incroyable.<\/p>\n<p><strong>Caract\u00e9ristiques et technologie du tissu<\/strong><\/p>\n<p>Ceinture haute c\u00f4tel\u00e9e s\u00e9curis\u00e9e<br \/>\nR\u00e9sistant \u00e0 la transpiration et aux squats<br \/>\nToute la longueur<br \/>\nCoupe pr\u00e8s du corps<br \/>\nTissu sans couture d\u00e9lav\u00e9 \u00e0 l&#8217;acide<br \/>\nLogo en caoutchouc thermoscell\u00e9 sur la cuisse gauche<br \/>\n90 % nylon, 10 % \u00e9lasthanne<\/p>\n","protected":false},"excerpt":{"rendered":"<p><strong>Composition du mat\u00e9riau : <\/strong>90 % nylon, 10 % \u00e9lasthanne<br \/>\n<strong>Taille et ajustement : <\/strong>Le style correspond \u00e0 la taille. Le mannequin mesure 170 cm et porte une petite taille.<br \/>\n<strong>Instructions de lavage : <\/strong>Ne pas m\u00e9langer avec d&#8217;autres produits et couleurs. Ne pas utiliser de s\u00e8che-linge. Ne pas javelliser. Ne pas s\u00e9cher \u00e0 la lumi\u00e8re directe du soleil. Ne pas repasser. Lavage \u00e0 la main \u00e0 l&#8217;eau normale ou froide. Utilisez un sac de lavage d\u00e9licat.<\/p>\n","protected":false},"featured_media":4718,"comment_status":"open","ping_status":"closed","template":"","meta":[],"product_cat":[260],"product_tag":[],"class_list":["post-4716","product","type-product","status-publish","has-post-thumbnail","hentry","product_cat-leggings-femmes","pa_color-passion-bra-blue","pa_color-renew-short-bleu","pa_size-large","pa_size-medium","pa_size-small"],"_links":{"self":[{"href":"https:\/\/peps-fitness.zetabox.tn\/en\/wp-json\/wp\/v2\/product\/4716","targetHints":{"allow":["GET"]}}],"collection":[{"href":"https:\/\/peps-fitness.zetabox.tn\/en\/wp-json\/wp\/v2\/product"}],"about":[{"href":"https:\/\/peps-fitness.zetabox.tn\/en\/wp-json\/wp\/v2\/types\/product"}],"replies":[{"embeddable":true,"href":"https:\/\/peps-fitness.zetabox.tn\/en\/wp-json\/wp\/v2\/comments?post=4716"}],"wp:featuredmedia":[{"embeddable":true,"href":"https:\/\/peps-fitness.zetabox.tn\/en\/wp-json\/wp\/v2\/media\/4718"}],"wp:attachment":[{"href":"https:\/\/peps-fitness.zetabox.tn\/en\/wp-json\/wp\/v2\/media?parent=4716"}],"wp:term":[{"taxonomy":"product_cat","embeddable":true,"href":"https:\/\/peps-fitness.zetabox.tn\/en\/wp-json\/wp\/v2\/product_cat?post=4716"},{"taxonomy":"product_tag","embeddable":true,"href":"https:\/\/peps-fitness.zetabox.tn\/en\/wp-json\/wp\/v2\/product_tag?post=4716"}],"curies":[{"name":"wp","href":"https:\/\/api.w.org\/{rel}","templated":true}]}}