{"id":4727,"date":"2023-06-09T10:26:10","date_gmt":"2023-06-09T08:26:10","guid":{"rendered":"https:\/\/peps-fitness.zetabox.tn\/?post_type=product&#038;p=4727"},"modified":"2023-06-09T10:37:50","modified_gmt":"2023-06-09T08:37:50","slug":"reflex-acid-wash-seamless-sports-bra","status":"publish","type":"product","link":"https:\/\/peps-fitness.zetabox.tn\/en\/produit\/reflex-acid-wash-seamless-sports-bra\/","title":{"rendered":"REFLEX ACID WASH SEAMLESS SPORTS BRA"},"content":{"rendered":"<p>Boostez votre prochaine s\u00e9ance d&#8217;entra\u00eenement dans notre soutien-gorge de sport sans coutures \u00e0 col en V. Avec des contours c\u00f4tel\u00e9s de soutien et des bonnets rembourr\u00e9s, il est fini avec un dos nageur flatteur pour encadrer votre forme.<\/p>\n<p>Con\u00e7u dans un tissu sans couture tendance d\u00e9lav\u00e9 \u00e0 l&#8217;acide, ce soutien-gorge de sport a \u00e9t\u00e9 con\u00e7u pour un style sans effort.<\/p>\n<p><strong>Caract\u00e9ristiques et technologie du tissu<\/strong><\/p>\n<p>Bonnets rembourr\u00e9s amovibles<br \/>\nD\u00e9collet\u00e9 en V<br \/>\nBretelles fines<br \/>\nLongueur recadr\u00e9e<br \/>\nTissu sans couture d\u00e9lav\u00e9 \u00e0 l&#8217;acide<br \/>\nLogo central en caoutchouc thermosoud\u00e9 sous la poitrine<br \/>\n90 % nylon, 10 % \u00e9lasthanne<\/p>\n","protected":false},"excerpt":{"rendered":"<p><strong>Composition du mat\u00e9riau : <\/strong>90 % nylon, 10 % \u00e9lasthanne<br \/>\n<strong>Taille et ajustement : <\/strong>Le style correspond \u00e0 la taille. Le mannequin mesure 170 cm et porte une petite taille.<br \/>\n<strong>Instructions de lavage : <\/strong>Ne pas m\u00e9langer avec d&#8217;autres produits et couleurs. Ne pas utiliser de s\u00e8che-linge. Ne pas javelliser. Ne pas s\u00e9cher \u00e0 la lumi\u00e8re directe du soleil. Ne pas repasser. Lavage \u00e0 la main \u00e0 l&#8217;eau normale ou froide. Utilisez un sac de lavage d\u00e9licat.<\/p>\n","protected":false},"featured_media":4735,"comment_status":"open","ping_status":"closed","template":"","meta":[],"product_cat":[264,15],"product_tag":[],"class_list":["post-4727","product","type-product","status-publish","has-post-thumbnail","hentry","product_cat-crop-tops-femmes","product_cat-uncategorized","pa_color-passion-bra-blue","pa_color-passion-crop-t-anthracite-gris","pa_color-renew-short-bleu","pa_size-large","pa_size-medium","pa_size-small"],"_links":{"self":[{"href":"https:\/\/peps-fitness.zetabox.tn\/en\/wp-json\/wp\/v2\/product\/4727","targetHints":{"allow":["GET"]}}],"collection":[{"href":"https:\/\/peps-fitness.zetabox.tn\/en\/wp-json\/wp\/v2\/product"}],"about":[{"href":"https:\/\/peps-fitness.zetabox.tn\/en\/wp-json\/wp\/v2\/types\/product"}],"replies":[{"embeddable":true,"href":"https:\/\/peps-fitness.zetabox.tn\/en\/wp-json\/wp\/v2\/comments?post=4727"}],"wp:featuredmedia":[{"embeddable":true,"href":"https:\/\/peps-fitness.zetabox.tn\/en\/wp-json\/wp\/v2\/media\/4735"}],"wp:attachment":[{"href":"https:\/\/peps-fitness.zetabox.tn\/en\/wp-json\/wp\/v2\/media?parent=4727"}],"wp:term":[{"taxonomy":"product_cat","embeddable":true,"href":"https:\/\/peps-fitness.zetabox.tn\/en\/wp-json\/wp\/v2\/product_cat?post=4727"},{"taxonomy":"product_tag","embeddable":true,"href":"https:\/\/peps-fitness.zetabox.tn\/en\/wp-json\/wp\/v2\/product_tag?post=4727"}],"curies":[{"name":"wp","href":"https:\/\/api.w.org\/{rel}","templated":true}]}}