{"id":4745,"date":"2023-06-09T10:50:07","date_gmt":"2023-06-09T08:50:07","guid":{"rendered":"https:\/\/peps-fitness.zetabox.tn\/?post_type=product&#038;p=4745"},"modified":"2023-06-09T10:50:07","modified_gmt":"2023-06-09T08:50:07","slug":"reflex-acid-wash-seamless-long-sleeve-zip-crop-top","status":"publish","type":"product","link":"https:\/\/peps-fitness.zetabox.tn\/en\/produit\/reflex-acid-wash-seamless-long-sleeve-zip-crop-top\/","title":{"rendered":"REFLEX ACID WASH SEAMLESS LONG SLEEVE ZIP CROP TOP"},"content":{"rendered":"<p>Combinant parfaitement \u00e9l\u00e9gance et attitude, notre haut d\u00e9lav\u00e9 \u00e0 l&#8217;acide pr\u00e9sente des d\u00e9tails c\u00f4tel\u00e9s avant-gardistes et une fermeture \u00e9clair argent\u00e9e \u00e0 double sens sur le devant pour styliser comme vous le souhaitez. Avec une encolure ronde et de longues manches raglan, la longueur raccourcie de cette fermeture \u00e0 glissi\u00e8re extensible sans effort compl\u00e8te sans effort un short ou un legging taille haute pour un style \u00e9l\u00e9gant et d\u00e9contract\u00e9.<\/p>\n<p><strong>Caract\u00e9ristiques et technologie du tissu<\/strong><\/p>\n<p>Zip \u00e0 double sens<br \/>\nManches raglan<br \/>\nEncolure ronde<br \/>\nLongueur recadr\u00e9e, environ 37 cm<br \/>\nTissu sans couture d\u00e9lav\u00e9 \u00e0 l&#8217;acide<br \/>\nCoupe ajust\u00e9e pr\u00e8s de la peau<br \/>\nLogo en caoutchouc thermoscell\u00e9 sur la poitrine en haut \u00e0 gauche<br \/>\n90 % nylon, 10 % \u00e9lasthanne<\/p>\n","protected":false},"excerpt":{"rendered":"<p><strong>Composition du mat\u00e9riau : <\/strong>90 % nylon, 10 % \u00e9lasthanne<br \/>\n<strong>Taille et ajustement : <\/strong>Le style correspond \u00e0 la taille. Le mannequin mesure 170 cm et porte une petite taille.<br \/>\n<strong>Instructions de lavage : <\/strong>Ne pas m\u00e9langer avec d&#8217;autres produits et couleurs. Ne pas utiliser de s\u00e8che-linge. Ne pas javelliser. Ne pas s\u00e9cher \u00e0 la lumi\u00e8re directe du soleil. Ne pas repasser<br \/>\nLavage \u00e0 la main \u00e0 l&#8217;eau normale ou froide. Utilisez un sac de lavage d\u00e9licat<\/p>\n","protected":false},"featured_media":4759,"comment_status":"open","ping_status":"closed","template":"","meta":[],"product_cat":[264],"product_tag":[],"class_list":["post-4745","product","type-product","status-publish","has-post-thumbnail","hentry","product_cat-crop-tops-femmes","pa_color-passion-bra-blue","pa_color-renew-short-bleu","pa_size-large","pa_size-medium","pa_size-small"],"_links":{"self":[{"href":"https:\/\/peps-fitness.zetabox.tn\/en\/wp-json\/wp\/v2\/product\/4745","targetHints":{"allow":["GET"]}}],"collection":[{"href":"https:\/\/peps-fitness.zetabox.tn\/en\/wp-json\/wp\/v2\/product"}],"about":[{"href":"https:\/\/peps-fitness.zetabox.tn\/en\/wp-json\/wp\/v2\/types\/product"}],"replies":[{"embeddable":true,"href":"https:\/\/peps-fitness.zetabox.tn\/en\/wp-json\/wp\/v2\/comments?post=4745"}],"wp:featuredmedia":[{"embeddable":true,"href":"https:\/\/peps-fitness.zetabox.tn\/en\/wp-json\/wp\/v2\/media\/4759"}],"wp:attachment":[{"href":"https:\/\/peps-fitness.zetabox.tn\/en\/wp-json\/wp\/v2\/media?parent=4745"}],"wp:term":[{"taxonomy":"product_cat","embeddable":true,"href":"https:\/\/peps-fitness.zetabox.tn\/en\/wp-json\/wp\/v2\/product_cat?post=4745"},{"taxonomy":"product_tag","embeddable":true,"href":"https:\/\/peps-fitness.zetabox.tn\/en\/wp-json\/wp\/v2\/product_tag?post=4745"}],"curies":[{"name":"wp","href":"https:\/\/api.w.org\/{rel}","templated":true}]}}