{"id":4764,"date":"2023-06-09T11:23:08","date_gmt":"2023-06-09T09:23:08","guid":{"rendered":"https:\/\/peps-fitness.zetabox.tn\/?post_type=product&#038;p=4764"},"modified":"2023-06-09T11:23:37","modified_gmt":"2023-06-09T09:23:37","slug":"reflex-acid-wash-seamless-short","status":"publish","type":"product","link":"https:\/\/peps-fitness.zetabox.tn\/en\/produit\/reflex-acid-wash-seamless-short\/","title":{"rendered":"REFLEX ACID WASH SEAMLESS SHORT"},"content":{"rendered":"<p>Composition du mat\u00e9riau 90 % nylon, 10 % \u00e9lasthanne TAILLE ET AJUSTEMENT Le style correspond \u00e0 la taille. Le mannequin mesure 167 cm et porte des leggings de petite taille Instructions de lavage Ne pas m\u00e9langer avec d&#8217;autres produits et couleurs. Ne pas utiliser de s\u00e8che-linge Ne pas javelliser Ne pas s\u00e9cher \u00e0 la lumi\u00e8re directe du soleil Ne pas repasser Lavage \u00e0 la main \u00e0 l&#8217;eau normale ou froide Utilisez un sac de lavage d\u00e9licat<\/p>\n<p><strong>Caract\u00e9ristiques et technologie du tissu<\/strong><\/p>\n<p>Ceinture c\u00f4tel\u00e9e s\u00e9curis\u00e9e<br \/>\nR\u00e9sistant \u00e0 la transpiration et aux squats<br \/>\nMini-longueur<br \/>\nCoupe pr\u00e8s du corps<br \/>\nTissu sans couture d\u00e9lav\u00e9 \u00e0 l&#8217;acide<br \/>\nLogo central en caoutchouc thermosoud\u00e9 sur la ceinture<br \/>\n90 % nylon, 10 % \u00e9lasthanne<\/p>\n","protected":false},"excerpt":{"rendered":"<p><strong>Composition du mat\u00e9riau:\u00a0<\/strong>90 % nylon, 10 % \u00e9lasthanne<br \/>\n<strong>Taille et ajustement:<\/strong>\u00a0Le style correspond \u00e0 la taille. Le mannequin mesure 167 cm et porte des leggings de petite taille<br \/>\n<strong>Instructions de lavage:<\/strong>\u00a0Ne pas m\u00e9langer avec d&#8217;autres produits et couleurs.\u00a0Ne pas utiliser de s\u00e8che-linge.\u00a0Ne pas javelliser.\u00a0Ne pas s\u00e9cher \u00e0 la lumi\u00e8re directe du soleil.\u00a0Ne pas repasser.\u00a0Lavage \u00e0 la main \u00e0 l&#8217;eau normale ou froide.\u00a0Utilisez un sac de lavage d\u00e9licat<\/p>\n","protected":false},"featured_media":4777,"comment_status":"open","ping_status":"closed","template":"","meta":[],"product_cat":[263],"product_tag":[],"class_list":["post-4764","product","type-product","status-publish","has-post-thumbnail","hentry","product_cat-shorts-femmes","pa_color-passion-bra-blue","pa_color-passion-crop-t-anthracite-gris","pa_color-renew-short-bleu","pa_size-large","pa_size-medium","pa_size-small"],"_links":{"self":[{"href":"https:\/\/peps-fitness.zetabox.tn\/en\/wp-json\/wp\/v2\/product\/4764","targetHints":{"allow":["GET"]}}],"collection":[{"href":"https:\/\/peps-fitness.zetabox.tn\/en\/wp-json\/wp\/v2\/product"}],"about":[{"href":"https:\/\/peps-fitness.zetabox.tn\/en\/wp-json\/wp\/v2\/types\/product"}],"replies":[{"embeddable":true,"href":"https:\/\/peps-fitness.zetabox.tn\/en\/wp-json\/wp\/v2\/comments?post=4764"}],"wp:featuredmedia":[{"embeddable":true,"href":"https:\/\/peps-fitness.zetabox.tn\/en\/wp-json\/wp\/v2\/media\/4777"}],"wp:attachment":[{"href":"https:\/\/peps-fitness.zetabox.tn\/en\/wp-json\/wp\/v2\/media?parent=4764"}],"wp:term":[{"taxonomy":"product_cat","embeddable":true,"href":"https:\/\/peps-fitness.zetabox.tn\/en\/wp-json\/wp\/v2\/product_cat?post=4764"},{"taxonomy":"product_tag","embeddable":true,"href":"https:\/\/peps-fitness.zetabox.tn\/en\/wp-json\/wp\/v2\/product_tag?post=4764"}],"curies":[{"name":"wp","href":"https:\/\/api.w.org\/{rel}","templated":true}]}}