{"id":4782,"date":"2023-06-09T11:34:04","date_gmt":"2023-06-09T09:34:04","guid":{"rendered":"https:\/\/peps-fitness.zetabox.tn\/?post_type=product&#038;p=4782"},"modified":"2023-06-09T11:34:22","modified_gmt":"2023-06-09T09:34:22","slug":"reflex-acid-wash-seamless-crop-top","status":"publish","type":"product","link":"https:\/\/peps-fitness.zetabox.tn\/en\/produit\/reflex-acid-wash-seamless-crop-top\/","title":{"rendered":"REFLEX ACID WASH SEAMLESS CROP TOP"},"content":{"rendered":"<p>Une coupe classique dont vous avez juste besoin dans votre garde-robe, le haut \u00e0 manches courtes syst\u00e9matique est styl\u00e9 avec une coupe mi-longue et une ceinture c\u00f4tel\u00e9e s\u00e9curis\u00e9e dans notre tissu en maille lisse sans couture, parfait pour emm\u00e9nager. mini short, pr\u00eat \u00e0 \u00e9craser votre prochaine s\u00e9ance d&#8217;entra\u00eenement.<\/p>\n<p><strong>Caract\u00e9ristiques et technologie du tissu<\/strong><\/p>\n<p>Non rembourr\u00e9<br \/>\nLongueur recadr\u00e9e<br \/>\nCol rond<br \/>\nManches raglan<br \/>\nCoupe pr\u00e8s du corps<br \/>\nTissu sans couture d\u00e9lav\u00e9 \u00e0 l&#8217;acide<br \/>\nLogo central en caoutchouc thermosoud\u00e9 sous la poitrine<br \/>\n90 % nylon, 10 % \u00e9lasthanne<\/p>\n","protected":false},"excerpt":{"rendered":"<p>Composition du mat\u00e9riau<br \/>\n90 % nylon, 10 % \u00e9lasthanne<br \/>\nTAILLE ET AJUSTEMENT<br \/>\nLe style correspond \u00e0 la taille. Le mannequin mesure 167 cm et porte un haut taille M.<br \/>\nInstructions de lavage<br \/>\nNe pas m\u00e9langer avec d&#8217;autres produits et couleurs.<br \/>\nNe pas utiliser de s\u00e8che-linge<br \/>\nNe pas javelliser<br \/>\nNe pas s\u00e9cher \u00e0 la lumi\u00e8re directe du soleil<br \/>\nNe pas repasser<br \/>\nLavage \u00e0 la main \u00e0 l&#8217;eau normale ou froide<br \/>\nUtilisez un sac de lavage d\u00e9licat<\/p>\n","protected":false},"featured_media":4788,"comment_status":"open","ping_status":"closed","template":"","meta":[],"product_cat":[264],"product_tag":[],"class_list":["post-4782","product","type-product","status-publish","has-post-thumbnail","hentry","product_cat-crop-tops-femmes","pa_color-passion-bra-blue","pa_color-renew-short-bleu","pa_size-large","pa_size-medium","pa_size-small"],"_links":{"self":[{"href":"https:\/\/peps-fitness.zetabox.tn\/en\/wp-json\/wp\/v2\/product\/4782","targetHints":{"allow":["GET"]}}],"collection":[{"href":"https:\/\/peps-fitness.zetabox.tn\/en\/wp-json\/wp\/v2\/product"}],"about":[{"href":"https:\/\/peps-fitness.zetabox.tn\/en\/wp-json\/wp\/v2\/types\/product"}],"replies":[{"embeddable":true,"href":"https:\/\/peps-fitness.zetabox.tn\/en\/wp-json\/wp\/v2\/comments?post=4782"}],"wp:featuredmedia":[{"embeddable":true,"href":"https:\/\/peps-fitness.zetabox.tn\/en\/wp-json\/wp\/v2\/media\/4788"}],"wp:attachment":[{"href":"https:\/\/peps-fitness.zetabox.tn\/en\/wp-json\/wp\/v2\/media?parent=4782"}],"wp:term":[{"taxonomy":"product_cat","embeddable":true,"href":"https:\/\/peps-fitness.zetabox.tn\/en\/wp-json\/wp\/v2\/product_cat?post=4782"},{"taxonomy":"product_tag","embeddable":true,"href":"https:\/\/peps-fitness.zetabox.tn\/en\/wp-json\/wp\/v2\/product_tag?post=4782"}],"curies":[{"name":"wp","href":"https:\/\/api.w.org\/{rel}","templated":true}]}}