{"id":4792,"date":"2023-06-09T11:55:10","date_gmt":"2023-06-09T09:55:10","guid":{"rendered":"https:\/\/peps-fitness.zetabox.tn\/?post_type=product&#038;p=4792"},"modified":"2023-06-09T11:55:30","modified_gmt":"2023-06-09T09:55:30","slug":"lounge-seamless-long-sleeve-crop-top","status":"publish","type":"product","link":"https:\/\/peps-fitness.zetabox.tn\/en\/produit\/lounge-seamless-long-sleeve-crop-top\/","title":{"rendered":"LOUNGE SEAMLESS LONG SLEEVE CROP TOP"},"content":{"rendered":"<p>Pr\u00e9parez-vous \u00e0 atteindre vos objectifs avec notre haut de sport court \u00e0 manches longues. Le m\u00e9lange d&#8217;une silhouette \u00e9l\u00e9gante avec notre tissu lisse sans couture assure un confort maximal lorsque vous vous entra\u00eenez. La coupe pr\u00e8s de la peau combin\u00e9e \u00e0 un contour c\u00f4tel\u00e9 de soutien garantit que vous serez pr\u00eat \u00e0 tout !<\/p>\n<p><strong>Caract\u00e9ristiques et technologie du tissu<\/strong><\/p>\n<p>Non rembourr\u00e9<br \/>\nEncolure carr\u00e9e<br \/>\nD\u00e9tail de trou de pouce d\u00e9coup\u00e9<br \/>\nMarquage r\u00e9fl\u00e9chissant<br \/>\nTissu en maille sans couture<br \/>\nLongueur recadr\u00e9e<br \/>\nLogo en caoutchouc sous la poitrine droite<br \/>\n87 % nylon, 13 % \u00e9lasthanne<\/p>\n","protected":false},"excerpt":{"rendered":"<p>Composition du mat\u00e9riau:\u00a090 % nylon, 10 % \u00e9lasthanne<br \/>\nTaille et ajustement:\u00a0Le style correspond \u00e0 la taille. Le mannequin mesure 175 cm et porte une taille M.<br \/>\nInstructions de lavage:\u00a0Ne pas m\u00e9langer avec d&#8217;autres produits et couleurs.\u00a0Ne pas utiliser de s\u00e8che-linge.\u00a0Ne pas javelliser.\u00a0Ne pas s\u00e9cher \u00e0 la lumi\u00e8re directe du soleil.\u00a0Ne pas repasser.\u00a0Lavage \u00e0 la main \u00e0 l&#8217;eau normale ou froide.\u00a0Utilisez un sac de lavage d\u00e9licat<\/p>\n","protected":false},"featured_media":4800,"comment_status":"open","ping_status":"closed","template":"","meta":[],"product_cat":[264,15],"product_tag":[],"class_list":["post-4792","product","type-product","status-publish","has-post-thumbnail","hentry","product_cat-crop-tops-femmes","product_cat-uncategorized","pa_color-passion-bra-blue","pa_color-passion-bra-rose","pa_color-passion-short-anthracite-gris","pa_color-passion-short-bleu","pa_size-large","pa_size-medium","pa_size-small"],"_links":{"self":[{"href":"https:\/\/peps-fitness.zetabox.tn\/en\/wp-json\/wp\/v2\/product\/4792","targetHints":{"allow":["GET"]}}],"collection":[{"href":"https:\/\/peps-fitness.zetabox.tn\/en\/wp-json\/wp\/v2\/product"}],"about":[{"href":"https:\/\/peps-fitness.zetabox.tn\/en\/wp-json\/wp\/v2\/types\/product"}],"replies":[{"embeddable":true,"href":"https:\/\/peps-fitness.zetabox.tn\/en\/wp-json\/wp\/v2\/comments?post=4792"}],"wp:featuredmedia":[{"embeddable":true,"href":"https:\/\/peps-fitness.zetabox.tn\/en\/wp-json\/wp\/v2\/media\/4800"}],"wp:attachment":[{"href":"https:\/\/peps-fitness.zetabox.tn\/en\/wp-json\/wp\/v2\/media?parent=4792"}],"wp:term":[{"taxonomy":"product_cat","embeddable":true,"href":"https:\/\/peps-fitness.zetabox.tn\/en\/wp-json\/wp\/v2\/product_cat?post=4792"},{"taxonomy":"product_tag","embeddable":true,"href":"https:\/\/peps-fitness.zetabox.tn\/en\/wp-json\/wp\/v2\/product_tag?post=4792"}],"curies":[{"name":"wp","href":"https:\/\/api.w.org\/{rel}","templated":true}]}}