{"id":4821,"date":"2023-06-09T12:07:49","date_gmt":"2023-06-09T10:07:49","guid":{"rendered":"https:\/\/peps-fitness.zetabox.tn\/?post_type=product&#038;p=4821"},"modified":"2023-06-09T12:09:44","modified_gmt":"2023-06-09T10:09:44","slug":"pal-w-lslg-ws22","status":"publish","type":"product","link":"https:\/\/peps-fitness.zetabox.tn\/en\/produit\/pal-w-lslg-ws22\/","title":{"rendered":"LOUNGE SEAMLESS LEGGINGS"},"content":{"rendered":"<p>Les leggings sans couture de salon sont une n\u00e9cessit\u00e9 de garde-robe pour toute journ\u00e9e de d\u00e9tente \u00e0 l&#8217;int\u00e9rieur ou \u00e0 l&#8217;ext\u00e9rieur de la maison. Pourtant, leur polyvalence<\/p>\n<p>Vous emmenant \u00e0 la salle de sport et au-del\u00e0, combinant une coupe athl\u00e9tique avec style et maintien, nos leggings lounge sont un incontournable de la garde-robe d&#8217;entra\u00eenement et un incontournable pour l&#8217;entra\u00eenement et au-del\u00e0. Le tissu lisse et sans couture assure un maximum de confort et de mouvement pendant votre entra\u00eenement.<\/p>\n<p>Associ\u00e9 \u00e0 une coupe taille haute accentuant la silhouette, vous offrant une confiance ultime tout au long de chaque s\u00e9ance. Parfait pour \u00eatre associ\u00e9 \u00e0 l&#8217;un de nos hauts courts sans couture, vous donnant l&#8217;engagement d&#8217;atteindre vos objectifs de fitness.<\/p>\n<p><strong>Caract\u00e9ristiques et technologie du tissu<\/strong><\/p>\n<p>Ceinture c\u00f4tel\u00e9e s\u00e9curis\u00e9e<br \/>\nMarquage r\u00e9fl\u00e9chissant<br \/>\nR\u00e9sistant \u00e0 la transpiration et aux squats<br \/>\nTissu en maille sans couture<br \/>\nCoupe pr\u00e8s du corps<br \/>\nToute la longueur<br \/>\nLogo en caoutchouc sur la ceinture en haut \u00e0 droite<br \/>\n87 % nylon, 13 % \u00e9lasthanne<\/p>\n","protected":false},"excerpt":{"rendered":"<p><strong>Composition du mat\u00e9riau:\u00a0<\/strong>90 % nylon, 10 % \u00e9lasthanne<br \/>\nTailleet ajustement:\u00a0Le style correspond \u00e0 la taille. Le mannequin mesure 170 cm et porte une petite taille.<br \/>\nInstructions de lavage:\u00a0Ne pas m\u00e9langer avec d&#8217;autres produits et couleurs.\u00a0Ne pas utiliser de s\u00e8che-linge.\u00a0Ne pas javelliser.\u00a0Ne pas s\u00e9cher \u00e0 la lumi\u00e8re directe du soleil.\u00a0Ne pas repasser.\u00a0Lavage \u00e0 la main \u00e0 l&#8217;eau normale ou froide.\u00a0Utilisez un sac de lavage d\u00e9licat<\/p>\n","protected":false},"featured_media":4836,"comment_status":"open","ping_status":"closed","template":"","meta":[],"product_cat":[260],"product_tag":[],"class_list":["post-4821","product","type-product","status-publish","has-post-thumbnail","hentry","product_cat-leggings-femmes","pa_color-passion-bra-blue","pa_color-passion-bra-rose","pa_color-passion-short-anthracite-gris","pa_color-passion-short-bleu","pa_size-large","pa_size-medium","pa_size-small"],"_links":{"self":[{"href":"https:\/\/peps-fitness.zetabox.tn\/en\/wp-json\/wp\/v2\/product\/4821","targetHints":{"allow":["GET"]}}],"collection":[{"href":"https:\/\/peps-fitness.zetabox.tn\/en\/wp-json\/wp\/v2\/product"}],"about":[{"href":"https:\/\/peps-fitness.zetabox.tn\/en\/wp-json\/wp\/v2\/types\/product"}],"replies":[{"embeddable":true,"href":"https:\/\/peps-fitness.zetabox.tn\/en\/wp-json\/wp\/v2\/comments?post=4821"}],"wp:featuredmedia":[{"embeddable":true,"href":"https:\/\/peps-fitness.zetabox.tn\/en\/wp-json\/wp\/v2\/media\/4836"}],"wp:attachment":[{"href":"https:\/\/peps-fitness.zetabox.tn\/en\/wp-json\/wp\/v2\/media?parent=4821"}],"wp:term":[{"taxonomy":"product_cat","embeddable":true,"href":"https:\/\/peps-fitness.zetabox.tn\/en\/wp-json\/wp\/v2\/product_cat?post=4821"},{"taxonomy":"product_tag","embeddable":true,"href":"https:\/\/peps-fitness.zetabox.tn\/en\/wp-json\/wp\/v2\/product_tag?post=4821"}],"curies":[{"name":"wp","href":"https:\/\/api.w.org\/{rel}","templated":true}]}}