{"id":4846,"date":"2023-06-10T02:15:17","date_gmt":"2023-06-10T00:15:17","guid":{"rendered":"https:\/\/peps-fitness.zetabox.tn\/?post_type=product&#038;p=4846"},"modified":"2023-06-10T02:15:39","modified_gmt":"2023-06-10T00:15:39","slug":"hyperflex-seamless-long-sleeve-crop-top","status":"publish","type":"product","link":"https:\/\/peps-fitness.zetabox.tn\/en\/produit\/hyperflex-seamless-long-sleeve-crop-top\/","title":{"rendered":"HYPERFLEX SEAMLESS LONG SLEEVE CROP TOP"},"content":{"rendered":"<p><strong>\u00cates-vous pr\u00eat \u00e0 sentir la diff\u00e9rence ?<\/strong><\/p>\n<p>Fabriqu\u00e9 \u00e0 partir de la technologie sans couture avanc\u00e9e, le Hyperflex Long Sleeve a le confort et le soutien \u00e0 l&#8217;esprit, avec une coupe flatteuse dans le dos pour la ventilation, un soutien de la taille sous la poitrine pour \u00e9viter de remonter, avec un design ajust\u00e9 et un contour textur\u00e9 pour sculpter le corps. Extr\u00eamement respirant et sec, doux au toucher et \u00e0 s\u00e9chage rapide, le haut court Hyperflex peut \u00eatre port\u00e9 n&#8217;importe quand, n&#8217;importe o\u00f9.<\/p>\n<p>Disponible en 4 coloris, Hyperflex deviendra votre prochain basique de garde-robe \u00e0 l&#8217;int\u00e9rieur comme \u00e0 l&#8217;ext\u00e9rieur de la salle de sport.<\/p>\n<p><strong>Caract\u00e9ristiques et technologie du tissu<\/strong><\/p>\n<p>Mat\u00e9riau extensible dans les quatre sens pour plus de flexibilit\u00e9<br \/>\nTechnologie microfibre, \u00e9vacuation de l&#8217;humidit\u00e9, technologie de s\u00e9chage rapide<br \/>\nExtr\u00eamement respirant et l\u00e9ger<br \/>\nSoutien de la ceinture sous la poitrine pour \u00e9viter de remonter<br \/>\nPasse-pouces pour se prot\u00e9ger du vent<br \/>\nLongueur courte pour un style mi-d\u00e9rive<br \/>\nCoupe ajust\u00e9e avec contour textur\u00e9 pour sculpter le corps<br \/>\nLogo en caoutchouc sur la poitrine en haut \u00e0 droite<br \/>\n90 % nylon, 10 % \u00e9lasthanne<\/p>\n","protected":false},"excerpt":{"rendered":"<p>Composition du mat\u00e9riau:\u00a090 % nylon, 10 % \u00e9lasthanne<br \/>\nTaille et ajustement:\u00a0Le style correspond \u00e0 la taille. Le mannequin mesure 170 cm et porte une petite taille.<br \/>\nInstructions de lavage:\u00a0Ne pas m\u00e9langer avec d&#8217;autres produits et couleurs.\u00a0Ne pas utiliser de s\u00e8che-linge.\u00a0Ne pas javelliser.\u00a0Ne pas s\u00e9cher \u00e0 la lumi\u00e8re directe du soleil.\u00a0Ne pas repasser.\u00a0Lavage \u00e0 la main \u00e0 l&#8217;eau normale ou froide.\u00a0Utilisez un sac de lavage d\u00e9licat<\/p>\n","protected":false},"featured_media":4848,"comment_status":"open","ping_status":"closed","template":"","meta":[],"product_cat":[264],"product_tag":[],"class_list":["post-4846","product","type-product","status-publish","has-post-thumbnail","hentry","product_cat-crop-tops-femmes","pa_color-passion-bra-anthracite-gris","pa_color-passion-bra-rose","pa_color-renew-short-noir","pa_size-large","pa_size-medium","pa_size-small"],"_links":{"self":[{"href":"https:\/\/peps-fitness.zetabox.tn\/en\/wp-json\/wp\/v2\/product\/4846","targetHints":{"allow":["GET"]}}],"collection":[{"href":"https:\/\/peps-fitness.zetabox.tn\/en\/wp-json\/wp\/v2\/product"}],"about":[{"href":"https:\/\/peps-fitness.zetabox.tn\/en\/wp-json\/wp\/v2\/types\/product"}],"replies":[{"embeddable":true,"href":"https:\/\/peps-fitness.zetabox.tn\/en\/wp-json\/wp\/v2\/comments?post=4846"}],"wp:featuredmedia":[{"embeddable":true,"href":"https:\/\/peps-fitness.zetabox.tn\/en\/wp-json\/wp\/v2\/media\/4848"}],"wp:attachment":[{"href":"https:\/\/peps-fitness.zetabox.tn\/en\/wp-json\/wp\/v2\/media?parent=4846"}],"wp:term":[{"taxonomy":"product_cat","embeddable":true,"href":"https:\/\/peps-fitness.zetabox.tn\/en\/wp-json\/wp\/v2\/product_cat?post=4846"},{"taxonomy":"product_tag","embeddable":true,"href":"https:\/\/peps-fitness.zetabox.tn\/en\/wp-json\/wp\/v2\/product_tag?post=4846"}],"curies":[{"name":"wp","href":"https:\/\/api.w.org\/{rel}","templated":true}]}}