{"id":4862,"date":"2023-06-10T22:12:13","date_gmt":"2023-06-10T20:12:13","guid":{"rendered":"https:\/\/peps-fitness.zetabox.tn\/?post_type=product&#038;p=4862"},"modified":"2023-06-10T22:12:26","modified_gmt":"2023-06-10T20:12:26","slug":"hyperflex-seamless-sports-bra","status":"publish","type":"product","link":"https:\/\/peps-fitness.zetabox.tn\/en\/produit\/hyperflex-seamless-sports-bra\/","title":{"rendered":"HYPERFLEX SEAMLESS SPORTS BRA"},"content":{"rendered":"<p>Fabriqu\u00e9 \u00e0 partir de la technologie sans couture avanc\u00e9e, le soutien-gorge de sport Hyperflex offre confort et soutien, avec un dos nageur ferme et des bretelles \u00e9paisses. Le contour subtil sous la poitrine flatte votre silhouette, tandis que la ceinture c\u00f4tel\u00e9e am\u00e9liore la stabilit\u00e9.<\/p>\n<p>S&#8217;\u00e9tirant pour \u00e9pouser votre corps, Hyperflex Seamless est doux au toucher et s\u00e8che rapidement, vous permettant de bouger sans limites tout au long de n&#8217;importe quel entra\u00eenement.<\/p>\n<p>Disponible en 4 coloris, Hyperflex deviendra votre prochain incontournable de la garde-robe \u00e0 l&#8217;int\u00e9rieur et \u00e0 l&#8217;ext\u00e9rieur de la salle de sport.<\/p>\n<p><strong>Caract\u00e9ristiques et technologie du tissu<\/strong><\/p>\n<p>Conception de texture profil\u00e9e subtile et flatteuse<br \/>\nDos nageur et bretelles \u00e9paisses pour plus de maintien<br \/>\nInserts de bonnet de soutien-gorge amovibles pour encourager la forme<br \/>\nCeinture de maintien c\u00f4tel\u00e9e<br \/>\nMat\u00e9riau ajust\u00e9<br \/>\nLogos en caoutchouc en haut \u00e0 gauche de la poitrine et au milieu du dos<br \/>\nTissu l\u00e9ger et respirant pour des performances \u00e9lev\u00e9es<br \/>\nMat\u00e9riau extensible dans les quatre sens pour une flexibilit\u00e9 extr\u00eame<br \/>\nCapacit\u00e9s d&#8217;\u00e9vacuation de l&#8217;humidit\u00e9 et de s\u00e9chage rapide<br \/>\nTechnologie microfibre tiss\u00e9e sans couture<br \/>\n90 % nylon, 10 % \u00e9lasthanne<\/p>\n","protected":false},"excerpt":{"rendered":"<p><strong>Composition du mat\u00e9riau:<\/strong>\u00a090 % nylon, 10 % \u00e9lasthanne<br \/>\n<strong>Taille et ajustement:<\/strong> Le style correspond \u00e0 la taille. Le mannequin mesure 167 cm et porte un haut taille M. \u00a0 \u00a0 \u00a0 \u00a0 \u00a0 \u00a0 \u00a0 \u00a0 <strong>Instructions de lavage:<\/strong> Ne pas m\u00e9langer avec d&#8217;autres produits et couleurs.\u00a0Ne pas utiliser de s\u00e8che-linge.\u00a0Ne pas javelliser.\u00a0Ne pas s\u00e9cher \u00e0 la lumi\u00e8re directe du soleil.\u00a0Ne pas repasser.\u00a0Lavage \u00e0 la main \u00e0 l&#8217;eau normale ou froide.\u00a0Utilisez un sac de lavage d\u00e9licat<\/p>\n","protected":false},"featured_media":4881,"comment_status":"open","ping_status":"closed","template":"","meta":[],"product_cat":[264],"product_tag":[],"class_list":["post-4862","product","type-product","status-publish","has-post-thumbnail","hentry","product_cat-crop-tops-femmes","pa_color-passion-bra-anthracite-gris","pa_color-passion-bra-rose","pa_color-passion-short-rose","pa_color-renew-short-noir","pa_size-large","pa_size-medium","pa_size-small"],"_links":{"self":[{"href":"https:\/\/peps-fitness.zetabox.tn\/en\/wp-json\/wp\/v2\/product\/4862","targetHints":{"allow":["GET"]}}],"collection":[{"href":"https:\/\/peps-fitness.zetabox.tn\/en\/wp-json\/wp\/v2\/product"}],"about":[{"href":"https:\/\/peps-fitness.zetabox.tn\/en\/wp-json\/wp\/v2\/types\/product"}],"replies":[{"embeddable":true,"href":"https:\/\/peps-fitness.zetabox.tn\/en\/wp-json\/wp\/v2\/comments?post=4862"}],"wp:featuredmedia":[{"embeddable":true,"href":"https:\/\/peps-fitness.zetabox.tn\/en\/wp-json\/wp\/v2\/media\/4881"}],"wp:attachment":[{"href":"https:\/\/peps-fitness.zetabox.tn\/en\/wp-json\/wp\/v2\/media?parent=4862"}],"wp:term":[{"taxonomy":"product_cat","embeddable":true,"href":"https:\/\/peps-fitness.zetabox.tn\/en\/wp-json\/wp\/v2\/product_cat?post=4862"},{"taxonomy":"product_tag","embeddable":true,"href":"https:\/\/peps-fitness.zetabox.tn\/en\/wp-json\/wp\/v2\/product_tag?post=4862"}],"curies":[{"name":"wp","href":"https:\/\/api.w.org\/{rel}","templated":true}]}}