{"id":4886,"date":"2023-06-10T22:22:36","date_gmt":"2023-06-10T20:22:36","guid":{"rendered":"https:\/\/peps-fitness.zetabox.tn\/?post_type=product&#038;p=4886"},"modified":"2023-06-10T22:22:58","modified_gmt":"2023-06-10T20:22:58","slug":"enforce-training-crop-pullover","status":"publish","type":"product","link":"https:\/\/peps-fitness.zetabox.tn\/en\/produit\/enforce-training-crop-pullover\/","title":{"rendered":"ENFORCE TRAINING CROP PULLOVER"},"content":{"rendered":"<p>La s\u00e9rie Enforce pr\u00e9sente des tissus haut de gamme aux silhouettes embl\u00e9matiques pour vous aider \u00e0 mieux performer.<\/p>\n<p>Entra\u00eenez-vous en toute simplicit\u00e9 avec le pull PEPS ATHLEISURE. Un tissu French Terry l\u00e9ger et respirant vous garde au frais pendant que vous vous \u00e9chauffez pendant votre entra\u00eenement.<\/p>\n<p>L&#8217;ourlet en forme de ce sweat \u00e0 capuche court et ample lui donne une forme distincte, et avec notre logo \u00e0 l&#8217;avant et au centre, il vous donnera l&#8217;avantage PEPS.<\/p>\n<p><strong>Caract\u00e9ristiques et technologie du tissu<\/strong><\/p>\n<p>Tissu doux en coton \u00e9ponge fran\u00e7ais<br \/>\nConception surdimensionn\u00e9e pour le confort<br \/>\nLongueur recadr\u00e9e perfectionn\u00e9e<br \/>\nCordon de serrage pour le devant r\u00e9glable<br \/>\nCapuche avec cordon de serrage<br \/>\nPoignets menott\u00e9s<br \/>\nL\u00e9ger fa\u00e7onnage de l&#8217;ourlet<br \/>\nRespirabilit\u00e9 et facilit\u00e9 de mouvement<br \/>\nLogo PEPS camouflage imprim\u00e9 au centre de la poitrine<br \/>\nTissu principal : 60 % coton, 34 % polyester, 6 % \u00e9lasthanne &#8211; C\u00f4tes : 96 % coton, 4 % \u00e9lasthanne<br \/>\nLe dimensionnement est vrai<\/p>\n","protected":false},"excerpt":{"rendered":"<p><strong>Composition du mat\u00e9riau<\/strong><br \/>\n<strong>Tissu principal<\/strong><strong>:<\/strong> 60 % coton \/ 34 % polyester \/ 6 % \u00e9lasthanne &#8211; C\u00f4te : 96 % coton 4 % \u00e9lasthanne<br \/>\n<strong>Taille et ajustement:<\/strong>\u00a0Le mannequin mesure 173 cm et porte une taille petite. Taille normalement, prenez votre taille habituelle. Con\u00e7u pour une coupe d\u00e9contract\u00e9e<br \/>\n<strong>Instructions de lavage:<\/strong>\u00a0Lavage \u00e0 la main \u00e0 l&#8217;eau normale ou froide<\/p>\n","protected":false},"featured_media":4888,"comment_status":"open","ping_status":"closed","template":"","meta":[],"product_cat":[266],"product_tag":[],"class_list":["post-4886","product","type-product","status-publish","has-post-thumbnail","hentry","product_cat-hoodies-et-vestes-femmes","pa_color-red","pa_size-large","pa_size-medium","pa_size-small","pa_size-x-large","pa_size-x-small"],"_links":{"self":[{"href":"https:\/\/peps-fitness.zetabox.tn\/en\/wp-json\/wp\/v2\/product\/4886","targetHints":{"allow":["GET"]}}],"collection":[{"href":"https:\/\/peps-fitness.zetabox.tn\/en\/wp-json\/wp\/v2\/product"}],"about":[{"href":"https:\/\/peps-fitness.zetabox.tn\/en\/wp-json\/wp\/v2\/types\/product"}],"replies":[{"embeddable":true,"href":"https:\/\/peps-fitness.zetabox.tn\/en\/wp-json\/wp\/v2\/comments?post=4886"}],"wp:featuredmedia":[{"embeddable":true,"href":"https:\/\/peps-fitness.zetabox.tn\/en\/wp-json\/wp\/v2\/media\/4888"}],"wp:attachment":[{"href":"https:\/\/peps-fitness.zetabox.tn\/en\/wp-json\/wp\/v2\/media?parent=4886"}],"wp:term":[{"taxonomy":"product_cat","embeddable":true,"href":"https:\/\/peps-fitness.zetabox.tn\/en\/wp-json\/wp\/v2\/product_cat?post=4886"},{"taxonomy":"product_tag","embeddable":true,"href":"https:\/\/peps-fitness.zetabox.tn\/en\/wp-json\/wp\/v2\/product_tag?post=4886"}],"curies":[{"name":"wp","href":"https:\/\/api.w.org\/{rel}","templated":true}]}}