{"id":4891,"date":"2023-06-10T22:40:30","date_gmt":"2023-06-10T20:40:30","guid":{"rendered":"https:\/\/peps-fitness.zetabox.tn\/?post_type=product&#038;p=4891"},"modified":"2023-06-10T22:41:00","modified_gmt":"2023-06-10T20:41:00","slug":"enforce-unisex-oversize-sweat-hoodie","status":"publish","type":"product","link":"https:\/\/peps-fitness.zetabox.tn\/en\/produit\/enforce-unisex-oversize-sweat-hoodie\/","title":{"rendered":"ENFORCE UNISEX OVERSIZE SWEAT-HOODIE"},"content":{"rendered":"<p>Combinez style et confort avec le sweat \u00e0 capuche Rest Day Sweats. Votre entra\u00eenement pr\u00e9 \/ post-entra\u00eenement vient de s&#8217;am\u00e9liorer un peu.<\/p>\n<p>D\u00e9couvrez le sweat \u00e0 capuche surdimensionn\u00e9 ENFORCE. Ce sweat \u00e0 capuche polyvalent est cr\u00e9\u00e9 \u00e0 partir de notre m\u00e9lange de coton Fleece le plus \u00e9pais et le plus lourd \u00e0 ce jour pour que vous puissiez sentir la diff\u00e9rence lorsque vous le portez. C&#8217;est exactement ce dont vous avez besoin pour des vibrations confortables instantan\u00e9es.<\/p>\n<p>Adoptez-le le jour de repos ou apportez simplement un peu plus de confort \u00e0 votre s\u00e9ance de gym &#8211; il convient \u00e0 toutes les occasions.<\/p>\n<p>L&#8217;esth\u00e9tique \u00e9pur\u00e9e fait de ce sweat \u00e0 capuche la prochaine pi\u00e8ce incontournable de votre garde-robe.<\/p>\n<p>Il pr\u00e9sente des \u00e9paules tombantes, un ourlet et des poignets fusel\u00e9s et, bien s\u00fbr, votre imprim\u00e9 en relief pr\u00e9f\u00e9r\u00e9.<\/p>\n<p><strong>Caract\u00e9ristiques et technologie du tissu<\/strong><\/p>\n<p>Tissu en coton polaire super doux<br \/>\nCoupe surdimensionn\u00e9e<br \/>\nCoupe unisexe<br \/>\n\u00c9paules tombantes<br \/>\nOurlet et poignets fusel\u00e9s<br \/>\nLogo PEPS en relief sur la poitrine avec Athleisure imprim\u00e9 \u00e0 l&#8217;int\u00e9rieur<br \/>\nNous sommes comme jamais auparavant imprim\u00e9s sur l&#8217;avant-bras droit<br \/>\nCon\u00e7u pour les activit\u00e9s et les loisirs \u00e0 faible mouvement<br \/>\n70% Coton 30% Polyester<br \/>\nLe dimensionnement est vrai<\/p>\n","protected":false},"excerpt":{"rendered":"<p><strong>Composition du mat\u00e9riel:<\/strong>\u00a070% Coton \/ 30% Polyester<br \/>\n<strong>Taille et ajustement:<\/strong>\u00a0Le mannequin mesure 170 cm et porte une taille M &#8211; Taille normalement, prenez votre taille habituelle &#8211; Con\u00e7u pour une coupe d\u00e9contract\u00e9e<br \/>\n<strong>Instructions de lavage:<\/strong>\u00a0Lavage \u00e0 la main \u00e0 l&#8217;eau normale ou froide<\/p>\n","protected":false},"featured_media":4915,"comment_status":"open","ping_status":"closed","template":"","meta":[],"product_cat":[266],"product_tag":[],"class_list":["post-4891","product","type-product","status-publish","has-post-thumbnail","hentry","product_cat-hoodies-et-vestes-femmes","pa_color-passion-bra-rose","pa_color-passion-crop-t-anthracite-gris","pa_color-passion-crop-t-rose","pa_color-passion-leg-rose","pa_color-passion-short-bleu","pa_size-large","pa_size-medium","pa_size-small","pa_size-x-large","pa_size-x-small"],"_links":{"self":[{"href":"https:\/\/peps-fitness.zetabox.tn\/en\/wp-json\/wp\/v2\/product\/4891","targetHints":{"allow":["GET"]}}],"collection":[{"href":"https:\/\/peps-fitness.zetabox.tn\/en\/wp-json\/wp\/v2\/product"}],"about":[{"href":"https:\/\/peps-fitness.zetabox.tn\/en\/wp-json\/wp\/v2\/types\/product"}],"replies":[{"embeddable":true,"href":"https:\/\/peps-fitness.zetabox.tn\/en\/wp-json\/wp\/v2\/comments?post=4891"}],"wp:featuredmedia":[{"embeddable":true,"href":"https:\/\/peps-fitness.zetabox.tn\/en\/wp-json\/wp\/v2\/media\/4915"}],"wp:attachment":[{"href":"https:\/\/peps-fitness.zetabox.tn\/en\/wp-json\/wp\/v2\/media?parent=4891"}],"wp:term":[{"taxonomy":"product_cat","embeddable":true,"href":"https:\/\/peps-fitness.zetabox.tn\/en\/wp-json\/wp\/v2\/product_cat?post=4891"},{"taxonomy":"product_tag","embeddable":true,"href":"https:\/\/peps-fitness.zetabox.tn\/en\/wp-json\/wp\/v2\/product_tag?post=4891"}],"curies":[{"name":"wp","href":"https:\/\/api.w.org\/{rel}","templated":true}]}}