{"id":4929,"date":"2023-06-13T17:54:10","date_gmt":"2023-06-13T15:54:10","guid":{"rendered":"https:\/\/peps-fitness.zetabox.tn\/?post_type=product&#038;p=4929"},"modified":"2023-06-13T17:54:34","modified_gmt":"2023-06-13T15:54:34","slug":"enforce-training-joggers","status":"publish","type":"product","link":"https:\/\/peps-fitness.zetabox.tn\/en\/produit\/enforce-training-joggers\/","title":{"rendered":"ENFORCE TRAINING JOGGERS"},"content":{"rendered":"<p>La s\u00e9rie Enforce pr\u00e9sente des tissus haut de gamme aux silhouettes embl\u00e9matiques pour vous aider \u00e0 mieux performer.<\/p>\n<p>En salle ou \u00e0 la maison, les joggings EnforceTraining sont aussi polyvalents que confortables. Mod\u00e8le taille haute avec cordon de serrage \u00e0 la taille, jambes fusel\u00e9es et poches ouvertes sur chaque hanche.<\/p>\n<p>Fabriqu\u00e9s avec un m\u00e9lange de coton doux et de polyester, ils bougeront avec vous, que vous tuiez une s\u00e9ance de gym ou que vous promeniez le chien.<\/p>\n<p><strong>Caract\u00e9ristiques et technologie du tissu<\/strong><\/p>\n<p>Tissu doux en coton \u00e9ponge fran\u00e7ais<br \/>\nCoupe taille haute<br \/>\nCoupe d\u00e9contract\u00e9e<br \/>\nJambe effil\u00e9e<br \/>\nCordon de serrage \u00e0 la taille<br \/>\nPoches ouvertes<br \/>\nCoutures flatteuses.<br \/>\nCon\u00e7u pour les activit\u00e9s et les loisirs \u00e0 faible mouvement<br \/>\nLogo PEPS athleisure camouflage imprim\u00e9 sur la jambe avant droite<br \/>\nMati\u00e8re principale : 60 % coton, 34 % polyester, 6 % \u00e9lasthanne. Bord-c\u00f4te : 96 % coton 4 % \u00e9lasthanne<br \/>\nLe dimensionnement est vrai<\/p>\n","protected":false},"excerpt":{"rendered":"<p>Composition du mat\u00e9riau<br \/>\nTissu principal : 60 % coton \/ 34 % polyester \/ 6 % \u00e9lasthanne &#8211; C\u00f4te : 96 % coton 4 % \u00e9lasthanne<br \/>\nTAILLE ET AJUSTEMENT<br \/>\nLe mannequin mesure 175 cm et porte une taille M &#8211; Convient \u00e0 votre taille, prenez votre taille habituelle &#8211; Con\u00e7u pour une coupe d\u00e9contract\u00e9e<br \/>\nInstructions de lavage<br \/>\nLavage \u00e0 la main \u00e0 l&#8217;eau normale ou froide<\/p>\n","protected":false},"featured_media":5529,"comment_status":"open","ping_status":"closed","template":"","meta":[],"product_cat":[261],"product_tag":[],"class_list":["post-4929","product","type-product","status-publish","has-post-thumbnail","hentry","product_cat-joggers-femmes","pa_size-large","pa_size-medium","pa_size-small","pa_size-x-large","pa_size-x-small"],"_links":{"self":[{"href":"https:\/\/peps-fitness.zetabox.tn\/en\/wp-json\/wp\/v2\/product\/4929","targetHints":{"allow":["GET"]}}],"collection":[{"href":"https:\/\/peps-fitness.zetabox.tn\/en\/wp-json\/wp\/v2\/product"}],"about":[{"href":"https:\/\/peps-fitness.zetabox.tn\/en\/wp-json\/wp\/v2\/types\/product"}],"replies":[{"embeddable":true,"href":"https:\/\/peps-fitness.zetabox.tn\/en\/wp-json\/wp\/v2\/comments?post=4929"}],"wp:featuredmedia":[{"embeddable":true,"href":"https:\/\/peps-fitness.zetabox.tn\/en\/wp-json\/wp\/v2\/media\/5529"}],"wp:attachment":[{"href":"https:\/\/peps-fitness.zetabox.tn\/en\/wp-json\/wp\/v2\/media?parent=4929"}],"wp:term":[{"taxonomy":"product_cat","embeddable":true,"href":"https:\/\/peps-fitness.zetabox.tn\/en\/wp-json\/wp\/v2\/product_cat?post=4929"},{"taxonomy":"product_tag","embeddable":true,"href":"https:\/\/peps-fitness.zetabox.tn\/en\/wp-json\/wp\/v2\/product_tag?post=4929"}],"curies":[{"name":"wp","href":"https:\/\/api.w.org\/{rel}","templated":true}]}}