{"id":5543,"date":"2023-06-13T19:05:45","date_gmt":"2023-06-13T17:05:45","guid":{"rendered":"https:\/\/peps-fitness.zetabox.tn\/?post_type=product&#038;p=5543"},"modified":"2023-06-13T19:06:03","modified_gmt":"2023-06-13T17:06:03","slug":"limitless-mesh-tank","status":"publish","type":"product","link":"https:\/\/peps-fitness.zetabox.tn\/en\/produit\/limitless-mesh-tank\/","title":{"rendered":"LIMITLESS MESH TANK"},"content":{"rendered":"<p>Limitless Tank est dot\u00e9 d&#8217;un tissu en maille l\u00e9g\u00e8re et donne l&#8217;impression qu&#8217;il est \u00e0 peine l\u00e0. Avec son mat\u00e9riau respirant et \u00e0 s\u00e9chage rapide, il maintient le flux d&#8217;air pour vous permettre de traverser les entra\u00eenements les plus intenses.<\/p>\n<p><strong>Caract\u00e9ristiques et technologie du tissu<\/strong><\/p>\n<p>Coupe ajust\u00e9e<br \/>\nBase en tissu l\u00e9ger<br \/>\nTissu en maille douce et a\u00e9r\u00e9e<br \/>\n\u00e9tirement dans les 4 sens<br \/>\nPanneau absorbant l&#8217;humidit\u00e9 pour r\u00e9sister \u00e0 la transpiration<br \/>\nPerformances ultra-douces Polyester<br \/>\nPanneau arri\u00e8re en maille pour plus de respirabilit\u00e9<br \/>\nS\u00e9chage rapide<br \/>\nCoupe athl\u00e9tique<br \/>\nLogo de la marque thermoscell\u00e9 sur la poitrine gauche et dans le dos<br \/>\n\u00c9tiquette de couleur : Gondola purple \/ Tyrian Purple<\/p>\n","protected":false},"excerpt":{"rendered":"<p><strong>Composition du mat\u00e9riau:\u00a0<\/strong>81 % polyester et 19 % \u00e9lasthanne<br \/>\n<strong>Taille et ajustement:<\/strong>\u00a0Le mannequin mesure 175 cm et porte une taille S \u2013 Coupe ajust\u00e9e<br \/>\n<strong>Instructions de lavage:<\/strong>\u00a0Lavage \u00e0 la main \u00e0 l&#8217;eau normale ou froide<\/p>\n","protected":false},"featured_media":5556,"comment_status":"open","ping_status":"closed","template":"","meta":[],"product_cat":[265],"product_tag":[],"class_list":["post-5543","product","type-product","status-publish","has-post-thumbnail","hentry","product_cat-t-shirts-hauts-femmes","pa_size-large","pa_size-medium","pa_size-small","pa_size-x-small"],"_links":{"self":[{"href":"https:\/\/peps-fitness.zetabox.tn\/en\/wp-json\/wp\/v2\/product\/5543","targetHints":{"allow":["GET"]}}],"collection":[{"href":"https:\/\/peps-fitness.zetabox.tn\/en\/wp-json\/wp\/v2\/product"}],"about":[{"href":"https:\/\/peps-fitness.zetabox.tn\/en\/wp-json\/wp\/v2\/types\/product"}],"replies":[{"embeddable":true,"href":"https:\/\/peps-fitness.zetabox.tn\/en\/wp-json\/wp\/v2\/comments?post=5543"}],"wp:featuredmedia":[{"embeddable":true,"href":"https:\/\/peps-fitness.zetabox.tn\/en\/wp-json\/wp\/v2\/media\/5556"}],"wp:attachment":[{"href":"https:\/\/peps-fitness.zetabox.tn\/en\/wp-json\/wp\/v2\/media?parent=5543"}],"wp:term":[{"taxonomy":"product_cat","embeddable":true,"href":"https:\/\/peps-fitness.zetabox.tn\/en\/wp-json\/wp\/v2\/product_cat?post=5543"},{"taxonomy":"product_tag","embeddable":true,"href":"https:\/\/peps-fitness.zetabox.tn\/en\/wp-json\/wp\/v2\/product_tag?post=5543"}],"curies":[{"name":"wp","href":"https:\/\/api.w.org\/{rel}","templated":true}]}}