{"id":5559,"date":"2023-06-13T19:25:47","date_gmt":"2023-06-13T17:25:47","guid":{"rendered":"https:\/\/peps-fitness.zetabox.tn\/?post_type=product&#038;p=5559"},"modified":"2023-06-13T19:28:45","modified_gmt":"2023-06-13T17:28:45","slug":"limitless-mesh-tee-2","status":"publish","type":"product","link":"https:\/\/peps-fitness.zetabox.tn\/en\/produit\/limitless-mesh-tee-2\/","title":{"rendered":"LIMITLESS MESH TEE"},"content":{"rendered":"<p>Le t-shirt Limitless Mesh est un t-shirt l\u00e9ger qui est parfait pour les entra\u00eenements intenses, le yoga ou simplement pour passer une journ\u00e9e mouvement\u00e9e. Le t-shirt est fabriqu\u00e9 avec un tissu extensible dans les 4 sens et a des fentes lat\u00e9rales \u00e0 l&#8217;ourlet pour une mobilit\u00e9 accrue.<br \/>\nLe t-shirt Limitless Mesh est coup\u00e9 pour une coupe ample et pr\u00e9sente notre logo esth\u00e9tique sur le devant de la poitrine.<br \/>\n<strong>Caract\u00e9ristiques et technologie du tissu<\/strong><\/p>\n<p>Coupe ajust\u00e9e<br \/>\nBase en tissu l\u00e9ger<br \/>\nTissu en maille douce et a\u00e9r\u00e9e<br \/>\n\u00e9tirement dans les 4 sens<br \/>\nPanneau absorbant l&#8217;humidit\u00e9 pour r\u00e9sister \u00e0 la transpiration<br \/>\nPerformances ultra-douces Polyester<br \/>\nPanneau arri\u00e8re en maille pour plus de respirabilit\u00e9<br \/>\nS\u00e9chage rapide<br \/>\nCoupe athl\u00e9tique<br \/>\nLogo de la marque thermoscell\u00e9 au milieu de la poitrine et dans le dos<br \/>\n\u00c9tiquette de couleur : Bleu Pacifique \/ Noir<\/p>\n","protected":false},"excerpt":{"rendered":"<p><strong>Composition du mat\u00e9riau:<\/strong>\u00a081 % polyester et 19 % \u00e9lasthanne<br \/>\n<strong>Taille et ajustement:<\/strong>\u00a0Le mannequin mesure 175 cm et porte une taille S \u2013 Coupe ajust\u00e9e<br \/>\n<strong>Instructions de lavage:<\/strong>\u00a0Lavage \u00e0 la main \u00e0 l&#8217;eau normale ou froide<\/p>\n","protected":false},"featured_media":5566,"comment_status":"open","ping_status":"closed","template":"","meta":[],"product_cat":[265],"product_tag":[],"class_list":["post-5559","product","type-product","status-publish","has-post-thumbnail","hentry","product_cat-t-shirts-hauts-femmes","pa_size-large","pa_size-medium","pa_size-small","pa_size-x-small"],"_links":{"self":[{"href":"https:\/\/peps-fitness.zetabox.tn\/en\/wp-json\/wp\/v2\/product\/5559","targetHints":{"allow":["GET"]}}],"collection":[{"href":"https:\/\/peps-fitness.zetabox.tn\/en\/wp-json\/wp\/v2\/product"}],"about":[{"href":"https:\/\/peps-fitness.zetabox.tn\/en\/wp-json\/wp\/v2\/types\/product"}],"replies":[{"embeddable":true,"href":"https:\/\/peps-fitness.zetabox.tn\/en\/wp-json\/wp\/v2\/comments?post=5559"}],"wp:featuredmedia":[{"embeddable":true,"href":"https:\/\/peps-fitness.zetabox.tn\/en\/wp-json\/wp\/v2\/media\/5566"}],"wp:attachment":[{"href":"https:\/\/peps-fitness.zetabox.tn\/en\/wp-json\/wp\/v2\/media?parent=5559"}],"wp:term":[{"taxonomy":"product_cat","embeddable":true,"href":"https:\/\/peps-fitness.zetabox.tn\/en\/wp-json\/wp\/v2\/product_cat?post=5559"},{"taxonomy":"product_tag","embeddable":true,"href":"https:\/\/peps-fitness.zetabox.tn\/en\/wp-json\/wp\/v2\/product_tag?post=5559"}],"curies":[{"name":"wp","href":"https:\/\/api.w.org\/{rel}","templated":true}]}}