{"id":5631,"date":"2023-06-16T18:15:15","date_gmt":"2023-06-16T16:15:15","guid":{"rendered":"https:\/\/peps-fitness.zetabox.tn\/?post_type=product&#038;p=5631"},"modified":"2023-06-16T18:15:15","modified_gmt":"2023-06-16T16:15:15","slug":"passion-seamless-leggings-2","status":"publish","type":"product","link":"https:\/\/peps-fitness.zetabox.tn\/en\/produit\/passion-seamless-leggings-2\/","title":{"rendered":"PASSION SEAMLESS LEGGINGS"},"content":{"rendered":"<p><strong>\u00c9NERGIQUE<\/strong><\/p>\n<p>Con\u00e7u pour soulever, sculpter et modeler, Energetic est le legging dont tout le monde parle. Parfaits pour les entra\u00eenements intenses, ils sont fabriqu\u00e9s dans notre tissu c\u00f4tel\u00e9 super extensible, doux comme du beurre et sans coutures.<\/p>\n<p>\u00c9l\u00e9gants, sans coutures et offrant un bon maintien, ces leggings d\u00e9lav\u00e9s \u00e0 l&#8217;acide ont une coupe taille haute, avec des panneaux arri\u00e8re profil\u00e9s et accentu\u00e9s pour soulever les fessiers. Ils sont \u00e9galement r\u00e9sistants aux squats, \u00e0 la transpiration et la taille haute offre un soutien et une mise en forme, garantissant qu&#8217;ils sont \u00e0 la fois flatteurs et fonctionnels. Un essentiel pour tout look de v\u00eatements de sport, \u00e0 combiner avec d&#8217;autres pi\u00e8ces de notre gamme Passion.<\/p>\n<p><strong>Caract\u00e9ristiques et technologie du tissu :<\/strong><br \/>\nR\u00e9sistant \u00e0 la transpiration et aux squats<br \/>\nLegging taille haute.<br \/>\nPanneau de contour arri\u00e8re<br \/>\nConception extensible \u00e0 enfiler.<br \/>\nTissu micro c\u00f4tel\u00e9 sans couture.<br \/>\nConception de lavage \u00e0 l&#8217;acide<br \/>\nAnti-transpiration et respirant<br \/>\nCoupe pr\u00e8s du corps<br \/>\nLogo de marque r\u00e9fl\u00e9chissant peps, thermoscell\u00e9 \u00e0 la cheville droite et logo \u00e0 la jambe gauche<br \/>\nPleine longueur, env. 87 cm de la taille \u00e0 l&#8217;ourlet<br \/>\n90 % polyamide, 10 % \u00e9lasthanne<br \/>\nAttention : ce produit est d\u00e9licat, veuillez donc faire attention lors du port et du lavage.<\/p>\n","protected":false},"excerpt":{"rendered":"<p><strong>PEPS Femmes\u00a0<\/strong><\/p>\n<p>Leggings<\/p>\n","protected":false},"featured_media":5633,"comment_status":"open","ping_status":"closed","template":"","meta":[],"product_cat":[260],"product_tag":[],"class_list":["post-5631","product","type-product","status-publish","has-post-thumbnail","hentry","product_cat-leggings-femmes","pa_size-large","pa_size-medium","pa_size-small"],"_links":{"self":[{"href":"https:\/\/peps-fitness.zetabox.tn\/en\/wp-json\/wp\/v2\/product\/5631","targetHints":{"allow":["GET"]}}],"collection":[{"href":"https:\/\/peps-fitness.zetabox.tn\/en\/wp-json\/wp\/v2\/product"}],"about":[{"href":"https:\/\/peps-fitness.zetabox.tn\/en\/wp-json\/wp\/v2\/types\/product"}],"replies":[{"embeddable":true,"href":"https:\/\/peps-fitness.zetabox.tn\/en\/wp-json\/wp\/v2\/comments?post=5631"}],"wp:featuredmedia":[{"embeddable":true,"href":"https:\/\/peps-fitness.zetabox.tn\/en\/wp-json\/wp\/v2\/media\/5633"}],"wp:attachment":[{"href":"https:\/\/peps-fitness.zetabox.tn\/en\/wp-json\/wp\/v2\/media?parent=5631"}],"wp:term":[{"taxonomy":"product_cat","embeddable":true,"href":"https:\/\/peps-fitness.zetabox.tn\/en\/wp-json\/wp\/v2\/product_cat?post=5631"},{"taxonomy":"product_tag","embeddable":true,"href":"https:\/\/peps-fitness.zetabox.tn\/en\/wp-json\/wp\/v2\/product_tag?post=5631"}],"curies":[{"name":"wp","href":"https:\/\/api.w.org\/{rel}","templated":true}]}}