{"id":5662,"date":"2023-06-16T18:28:49","date_gmt":"2023-06-16T16:28:49","guid":{"rendered":"https:\/\/peps-fitness.zetabox.tn\/?post_type=product&#038;p=5662"},"modified":"2023-06-16T18:29:20","modified_gmt":"2023-06-16T16:29:20","slug":"passion-seamless-sports-bra-4","status":"publish","type":"product","link":"https:\/\/peps-fitness.zetabox.tn\/en\/produit\/passion-seamless-sports-bra-4\/","title":{"rendered":"PASSION SEAMLESS SPORTS BRA"},"content":{"rendered":"<p><strong>BUT<\/strong><\/p>\n<p>Pr\u00eat \u00e0 conqu\u00e9rir votre prochaine session ? Do it in Purpose, notre soutien-gorge de sport extensible et sans coutures en tissu c\u00f4tel\u00e9 doux comme du beurre pour plus de confort pendant que vous faites de l&#8217;exercice. Le tout fini avec un design d\u00e9lav\u00e9 \u00e0 l&#8217;acide sur le tissu sans couture.<\/p>\n<p>Cette conception flatteuse pour la poitrine a une encolure haute flatteuse et des bretelles crois\u00e9es dans le dos qui sont r\u00e9glables pour que vous obteniez un ajustement parfait. De plus, le soutien-gorge est fabriqu\u00e9 avec un rembourrage amovible et une bande inf\u00e9rieure de soutien pour un soutien suppl\u00e9mentaire.<\/p>\n<p>Associez-le au short ou au legging assorti ou m\u00e9langez les couleurs de notre collection Passion.<\/p>\n<p><strong>Caract\u00e9ristiques et technologie du tissu :<\/strong><br \/>\nCrop top multisports con\u00e7u pour chaque entra\u00eenement<br \/>\nTissu c\u00f4tel\u00e9 lisse sans couture, d\u00e9lav\u00e9 \u00e0 l&#8217;acide<br \/>\nAnti-transpiration et respirant<br \/>\nCoupe pr\u00e8s du corps<br \/>\nCol haut<br \/>\nDos nageur avec bretelles crois\u00e9es r\u00e9glables<br \/>\nLongueur courte, env. 35cm<br \/>\nBonnets amovibles<br \/>\nR\u00e9flecteur thermoscell\u00e9, logo PEPS Branding \u00e0 l&#8217;avant droit sous la bande<br \/>\n90 % polyamide, 10 % \u00e9lasthanne<br \/>\nAttention : ce produit est d\u00e9licat, veuillez donc faire attention lors du port et du lavage.<\/p>\n","protected":false},"excerpt":{"rendered":"<p><strong>PEPS Femmes\u00a0<\/strong><\/p>\n<p>Crop top<\/p>\n","protected":false},"featured_media":5650,"comment_status":"open","ping_status":"closed","template":"","meta":[],"product_cat":[264],"product_tag":[],"class_list":["post-5662","product","type-product","status-publish","has-post-thumbnail","hentry","product_cat-crop-tops-femmes","pa_size-large","pa_size-medium","pa_size-small"],"_links":{"self":[{"href":"https:\/\/peps-fitness.zetabox.tn\/en\/wp-json\/wp\/v2\/product\/5662","targetHints":{"allow":["GET"]}}],"collection":[{"href":"https:\/\/peps-fitness.zetabox.tn\/en\/wp-json\/wp\/v2\/product"}],"about":[{"href":"https:\/\/peps-fitness.zetabox.tn\/en\/wp-json\/wp\/v2\/types\/product"}],"replies":[{"embeddable":true,"href":"https:\/\/peps-fitness.zetabox.tn\/en\/wp-json\/wp\/v2\/comments?post=5662"}],"wp:featuredmedia":[{"embeddable":true,"href":"https:\/\/peps-fitness.zetabox.tn\/en\/wp-json\/wp\/v2\/media\/5650"}],"wp:attachment":[{"href":"https:\/\/peps-fitness.zetabox.tn\/en\/wp-json\/wp\/v2\/media?parent=5662"}],"wp:term":[{"taxonomy":"product_cat","embeddable":true,"href":"https:\/\/peps-fitness.zetabox.tn\/en\/wp-json\/wp\/v2\/product_cat?post=5662"},{"taxonomy":"product_tag","embeddable":true,"href":"https:\/\/peps-fitness.zetabox.tn\/en\/wp-json\/wp\/v2\/product_tag?post=5662"}],"curies":[{"name":"wp","href":"https:\/\/api.w.org\/{rel}","templated":true}]}}